{"id":2,"date":"2018-02-04T13:11:21","date_gmt":"2018-02-04T13:11:21","guid":{"rendered":"http:\/\/canossa.net\/hu\/?page_id=2"},"modified":"2020-10-15T22:36:26","modified_gmt":"2020-10-15T22:36:26","slug":"ez-egy-minta-oldal","status":"publish","type":"page","link":"https:\/\/canossa.net\/hu\/","title":{"rendered":"Main Page"},"content":{"rendered":"<div id=\"pl-2\"  class=\"panel-layout\" ><div id=\"pg-2-0\"  class=\"panel-grid panel-has-style\" ><div class=\"siteorigin-panels-stretch panel-row-style panel-row-style-for-2-0\" data-stretch-type=\"full-stretched\" ><div id=\"pgc-2-0-0\"  class=\"panel-grid-cell\" ><div id=\"panel-2-0-0-0\" class=\"so-panel widget widget_media_video panel-first-child panel-last-child widgetopts-SO\" data-index=\"0\" ><div style=\"width:100%;\" class=\"wp-video\"><video class=\"wp-video-shortcode\" id=\"video-2-1\" loop preload=\"auto\" controls=\"controls\"><source type=\"video\/mp4\" src=\"https:\/\/canossa.net\/hu\/wp-content\/uploads\/sites\/3\/2018\/09\/headvid4_web.mp4?_=1\" \/><source type=\"video\/mp4\" src=\"http:\/\/canossa.net\/hu\/wp-content\/uploads\/sites\/3\/2018\/09\/headvid4_web.mp4?_=1\" \/><a href=\"https:\/\/canossa.net\/hu\/wp-content\/uploads\/sites\/3\/2018\/09\/headvid4_web.mp4\">https:\/\/canossa.net\/hu\/wp-content\/uploads\/sites\/3\/2018\/09\/headvid4_web.mp4<\/a><\/video><\/div><\/div><\/div><\/div><\/div><div id=\"pg-2-1\"  class=\"panel-grid panel-has-style\" ><div class=\"panel-row-style panel-row-style-for-2-1\" ><div id=\"pgc-2-1-0\"  class=\"panel-grid-cell\" ><div id=\"panel-2-1-0-0\" class=\"so-panel widget widget_sow-headline panel-first-child panel-last-child widgetopts-SO\" data-index=\"1\" ><div class=\"panel-widget-style panel-widget-style-for-2-1-0-0\" ><div\n\t\t\t\n\t\t\tclass=\"so-widget-sow-headline so-widget-sow-headline-default-b3657b87ef91-2\"\n\t\t\t\n\t\t><div class=\"sow-headline-container \">\n\t\t\t\t\t\t\t<h1 class=\"sow-headline\">\n\t\t\t\t\t\tMi a Canossa?\t\t\t\t\t\t<\/h1>\n\t\t\t\t\t\t\t\t\t\t\t<div class=\"decoration\">\n\t\t\t\t\t\t<div class=\"decoration-inside\"><\/div>\n\t\t\t\t\t<\/div>\n\t\t\t\t\t\t\t\t\t\t\t<h2 class=\"sow-sub-headline\">\n\t\t\t\t\t\tEgy komoly betegs\u00e9g legy\u0151z\u00e9se. Egy t\u00f6rt\u00e9net k\u00f6nyvben \u00e9s zen\u00e9ben, r\u00e1kr\u00f3l, gy\u00f3gyul\u00e1sr\u00f3l, \u00e9letr\u0151l, hal\u00e1lr\u00f3l. A Canossa t\u00fal\u00e9l\u0151 csomag mindazok sz\u00e1m\u00e1ra, akik s\u00falyos betegs\u00e9ggel k\u00fczdenek, rem\u00e9nytelennek \u00e9rzik \u00e9let\u00fcket, elvesztett\u00e9k hit\u00fcket, vagy nem tal\u00e1lj\u00e1k a hely\u00fcket a vil\u00e1gban.\t\t\t\t\t\t<\/h2>\n\t\t\t\t\t\t<\/div>\n<\/div><\/div><\/div><\/div><\/div><\/div><div id=\"pg-2-2\"  class=\"panel-grid panel-has-style\" ><div class=\"panel-row-style panel-row-style-for-2-2\" ><div id=\"pgc-2-2-0\"  class=\"panel-grid-cell\" ><div id=\"panel-2-2-0-0\" class=\"so-panel widget widget_sow-headline panel-first-child panel-last-child widgetopts-SO\" data-index=\"2\" ><div class=\"panel-widget-style panel-widget-style-for-2-2-0-0\" ><div\n\t\t\t\n\t\t\tclass=\"so-widget-sow-headline so-widget-sow-headline-default-c672df3fe323-2\"\n\t\t\t\n\t\t><div class=\"sow-headline-container \">\n\t\t\t\t\t\t\t<h2 class=\"sow-headline\">\n\t\t\t\t\t\t\u201eMegrend\u00edt\u0151, fordulatokban gazdag fejl\u0151d\u00e9st\u00f6rt\u00e9net.\u201d\t\t\t\t\t\t<\/h2>\n\t\t\t\t\t\t\t\t\t\t\t<div class=\"decoration\">\n\t\t\t\t\t\t<div class=\"decoration-inside\"><\/div>\n\t\t\t\t\t<\/div>\n\t\t\t\t\t\t\t\t\t\t\t<h4 class=\"sow-sub-headline\">\n\t\t\t\t\t\tAz onkol\u00f3gusom, az onkopszichol\u00f3gusom, valamint blogom 16 000 olvas\u00f3ja egyet\u00e9rtett abban, hogy a Can\u00f8ssa k\u00f6nyv \u00e9s zenem\u0171 ment\u00e1lhigi\u00e9n\u00e9s c\u00e9lb\u00f3l hasznos\u00edthat\u00f3, b\u00e1rki sz\u00e1m\u00e1ra tanuls\u00e1gos. \t\t\t\t\t\t<\/h4>\n\t\t\t\t\t\t<\/div>\n<\/div><\/div><\/div><\/div><\/div><\/div><div id=\"pg-2-3\"  class=\"panel-grid panel-has-style\" ><div class=\"siteorigin-panels-stretch panel-row-style panel-row-style-for-2-3\" data-stretch-type=\"full-stretched\" ><div id=\"pgc-2-3-0\"  class=\"panel-grid-cell panel-grid-cell-empty\" ><div class=\"panel-cell-style panel-cell-style-for-2-3-0\" ><\/div><\/div><div id=\"pgc-2-3-1\"  class=\"panel-grid-cell panel-grid-cell-mobile-last\" ><div id=\"panel-2-3-1-0\" class=\"so-panel widget widget_sow-hero panel-first-child panel-last-child widgetopts-SO\" data-index=\"3\" ><div class=\"panel-widget-style panel-widget-style-for-2-3-1-0\" ><div\n\t\t\t\n\t\t\tclass=\"so-widget-sow-hero so-widget-sow-hero-default-a22da425f335-2\"\n\t\t\t\n\t\t>\t\t\t\t<div class=\"sow-slider-base\" style=\"display: none\" tabindex=\"0\">\n\t\t\t\t\t<ul\n\t\t\t\t\tclass=\"sow-slider-images\"\n\t\t\t\t\tdata-settings=\"{&quot;pagination&quot;:true,&quot;speed&quot;:800,&quot;timeout&quot;:8000,&quot;paused&quot;:false,&quot;pause_on_hover&quot;:false,&quot;swipe&quot;:false,&quot;nav_always_show_desktop&quot;:&quot;&quot;,&quot;nav_always_show_mobile&quot;:&quot;&quot;,&quot;breakpoint&quot;:&quot;780px&quot;,&quot;unmute&quot;:false,&quot;anchor&quot;:null}\"\n\t\t\t\t\t\t\t\t\t\tdata-anchor-id=\"\"\n\t\t\t\t>\t\t<li class=\"sow-slider-image\" style=\"visibility: visible;\" >\n\t\t\t\t\t<div class=\"sow-slider-image-container\">\n\t\t\t<div class=\"sow-slider-image-wrapper\">\n\t\t\t\t<h2>MISSZI\u00d3NK<\/h2>\n<p>A zene \u00e9s a sz\u00f6veg, mint Ariadn\u00e9 fonala, hitem szerint sz\u00e1zezrek \u00e9let\u00e9ben hozhat kedvez\u0151 fordulatot.<\/p>\n<div class=\"sow-hero-buttons\" ><div\n\t\t\t\n\t\t\tclass=\"so-widget-sow-button so-widget-sow-button-wire-d2ee7d1126ab\"\n\t\t\t\n\t\t><div class=\"ow-button-base ow-button-align-center\"\n>\n\t\t\t<a\n\t\t\t\t\thref=\"https:\/\/canossa.net\/hu\/misszio\/\"\n\t\t\t\t\tclass=\"sowb-button ow-icon-placement-left ow-button-hover\" \t>\n\t\t<span>\n\t\t\t\n\t\t\tMisszi\u00f3nk\t\t<\/span>\n\t\t\t<\/a>\n\t<\/div>\n<\/div><\/div>\n\t\t\t<\/div>\n\t\t<\/div>\n\t\t\t\t<\/li>\n\t\t<\/ul>\t\t\t\t<ol class=\"sow-slider-pagination\">\n\t\t\t\t\t\t\t\t\t\t\t<li><a href=\"#\" data-goto=\"0\" aria-label=\"Display slide 1\"><\/a><\/li>\n\t\t\t\t\t\t\t\t\t<\/ol>\n\n\t\t\t\t<div class=\"sow-slide-nav sow-slide-nav-next\">\n\t\t\t\t\t<a href=\"#\" data-goto=\"next\" aria-label=\"Next slide\" data-action=\"next\">\n\t\t\t\t\t\t<em class=\"sow-sld-icon-thin-right\"><\/em>\n\t\t\t\t\t<\/a>\n\t\t\t\t<\/div>\n\n\t\t\t\t<div class=\"sow-slide-nav sow-slide-nav-prev\">\n\t\t\t\t\t<a href=\"#\" data-goto=\"previous\" aria-label=\"Previous slide\" data-action=\"prev\">\n\t\t\t\t\t\t<em class=\"sow-sld-icon-thin-left\"><\/em>\n\t\t\t\t\t<\/a>\n\t\t\t\t<\/div>\n\t\t\t\t<\/div><\/div><\/div><\/div><\/div><div id=\"pgc-2-3-2\"  class=\"panel-grid-cell panel-grid-cell-empty\" ><\/div><\/div><\/div><div id=\"pg-2-4\"  class=\"panel-grid panel-has-style\" ><div class=\"siteorigin-panels-stretch panel-row-style panel-row-style-for-2-4\" data-stretch-type=\"full-stretched\" ><div id=\"pgc-2-4-0\"  class=\"panel-grid-cell panel-grid-cell-empty\" ><\/div><div id=\"pgc-2-4-1\"  class=\"panel-grid-cell panel-grid-cell-empty panel-grid-cell-mobile-last\" ><\/div><div id=\"pgc-2-4-2\"  class=\"panel-grid-cell panel-grid-cell-empty\" ><\/div><\/div><\/div><div id=\"pg-2-5\"  class=\"panel-grid panel-has-style\" ><div class=\"siteorigin-panels-stretch panel-row-style panel-row-style-for-2-5\" data-stretch-type=\"full-stretched\" ><div id=\"pgc-2-5-0\"  class=\"panel-grid-cell panel-grid-cell-empty\" ><div class=\"panel-cell-style panel-cell-style-for-2-5-0\" ><\/div><\/div><div id=\"pgc-2-5-1\"  class=\"panel-grid-cell panel-grid-cell-mobile-last\" ><div id=\"panel-2-5-1-0\" class=\"so-panel widget widget_sow-hero panel-first-child panel-last-child widgetopts-SO\" data-index=\"4\" ><div class=\"panel-widget-style panel-widget-style-for-2-5-1-0\" ><div\n\t\t\t\n\t\t\tclass=\"so-widget-sow-hero so-widget-sow-hero-default-5b97ed62b8c7-2\"\n\t\t\t\n\t\t>\t\t\t\t<div class=\"sow-slider-base\" style=\"display: none\" tabindex=\"0\">\n\t\t\t\t\t<ul\n\t\t\t\t\tclass=\"sow-slider-images\"\n\t\t\t\t\tdata-settings=\"{&quot;pagination&quot;:true,&quot;speed&quot;:800,&quot;timeout&quot;:8000,&quot;paused&quot;:false,&quot;pause_on_hover&quot;:false,&quot;swipe&quot;:false,&quot;nav_always_show_desktop&quot;:&quot;&quot;,&quot;nav_always_show_mobile&quot;:&quot;&quot;,&quot;breakpoint&quot;:&quot;780px&quot;,&quot;unmute&quot;:false,&quot;anchor&quot;:null}\"\n\t\t\t\t\t\t\t\t\t\tdata-anchor-id=\"\"\n\t\t\t\t>\t\t<li class=\"sow-slider-image\" style=\"visibility: visible;\" >\n\t\t\t\t\t<div class=\"sow-slider-image-container\">\n\t\t\t<div class=\"sow-slider-image-wrapper\">\n\t\t\t\t<h2>T\u00d6RT\u00c9NET<\/h2>\n<p>\n\u00c9let\u00fcnk v\u00e1laszt\u00e1sok sorozata. Minden pillanatban d\u00f6nt\u00e9st hozunk egy helyes \u00e9s egy helyesnek v\u00e9lt \u00fat k\u00f6z\u00f6tt. \u00c9n m\u00e1r r\u00e9gen t\u00e9v\u00faton j\u00e1rtam, amikor egy s\u00falyos m\u0171hiba miatt bal l\u00e1bam amput\u00e1ci\u00f3ja elker\u00fclhetetlennek t\u0171nt. Az ezt k\u00f6vet\u0151 tizenk\u00e9t h\u00f3nap sor\u00e1n megvakultam, elvesz\u00edtettem tests\u00falyom 60 %-\u00e1t \u00e9s kis h\u00edj\u00e1n elt\u00e1vol\u00edtott\u00e1k a ves\u00e9met. Mikor v\u00e9gre helyesen diagnosztiz\u00e1lt\u00e1k betegs\u00e9gem, a r\u00e1ksejtek m\u00e1r nyer\u00e9sre \u00e1lltak. Onkol\u00f3giai kezel\u00e9sem kezdet\u00e9re teljesen legyeng\u00fcltem \u00e9s hitehagyott\u00e1 v\u00e1ltam.\n<\/p>\n<div class=\"sow-hero-buttons\" ><div\n\t\t\t\n\t\t\tclass=\"so-widget-sow-button so-widget-sow-button-wire-d2ee7d1126ab\"\n\t\t\t\n\t\t><div class=\"ow-button-base ow-button-align-center\"\n>\n\t\t\t<a\n\t\t\t\t\thref=\"https:\/\/canossa.net\/hu\/tortenet\/\"\n\t\t\t\t\tclass=\"sowb-button ow-icon-placement-left ow-button-hover\" \t>\n\t\t<span>\n\t\t\t\n\t\t\tT\u00f6rt\u00e9net\t\t<\/span>\n\t\t\t<\/a>\n\t<\/div>\n<\/div><\/div>\t\t\t<\/div>\n\t\t<\/div>\n\t\t\t\t<\/li>\n\t\t<\/ul>\t\t\t\t<ol class=\"sow-slider-pagination\">\n\t\t\t\t\t\t\t\t\t\t\t<li><a href=\"#\" data-goto=\"0\" aria-label=\"Display slide 1\"><\/a><\/li>\n\t\t\t\t\t\t\t\t\t<\/ol>\n\n\t\t\t\t<div class=\"sow-slide-nav sow-slide-nav-next\">\n\t\t\t\t\t<a href=\"#\" data-goto=\"next\" aria-label=\"Next slide\" data-action=\"next\">\n\t\t\t\t\t\t<em class=\"sow-sld-icon-thin-right\"><\/em>\n\t\t\t\t\t<\/a>\n\t\t\t\t<\/div>\n\n\t\t\t\t<div class=\"sow-slide-nav sow-slide-nav-prev\">\n\t\t\t\t\t<a href=\"#\" data-goto=\"previous\" aria-label=\"Previous slide\" data-action=\"prev\">\n\t\t\t\t\t\t<em class=\"sow-sld-icon-thin-left\"><\/em>\n\t\t\t\t\t<\/a>\n\t\t\t\t<\/div>\n\t\t\t\t<\/div><\/div><\/div><\/div><\/div><div id=\"pgc-2-5-2\"  class=\"panel-grid-cell panel-grid-cell-empty\" ><\/div><\/div><\/div><div id=\"pg-2-6\"  class=\"panel-grid panel-has-style\" ><div class=\"panel-row-style panel-row-style-for-2-6\" ><div id=\"pgc-2-6-0\"  class=\"panel-grid-cell panel-grid-cell-empty\" ><\/div><\/div><\/div><\/div>","protected":false},"excerpt":{"rendered":"<p>https:\/\/canossa.net\/hu\/wp-content\/uploads\/sites\/3\/2018\/09\/headvid4_web.mp4 Mi a Canossa? Egy komoly betegs\u00e9g legy\u0151z\u00e9se. Egy t\u00f6rt\u00e9net k\u00f6nyvben \u00e9s zen\u00e9ben, r\u00e1kr\u00f3l, gy\u00f3gyul\u00e1sr\u00f3l, \u00e9letr\u0151l, hal\u00e1lr\u00f3l. A Canossa t\u00fal\u00e9l\u0151 csomag mindazok sz\u00e1m\u00e1ra, akik s\u00falyos betegs\u00e9ggel k\u00fczdenek, rem\u00e9nytelennek \u00e9rzik \u00e9let\u00fcket, elvesztett\u00e9k hit\u00fcket, vagy nem tal\u00e1lj\u00e1k a hely\u00fcket a vil\u00e1gban. \u201eMegrend\u00edt\u0151, fordulatokban gazdag fejl\u0151d\u00e9st\u00f6rt\u00e9net.\u201d Az onkol\u00f3gusom, az onkopszichol\u00f3gusom, valamint blogom 16 000 olvas\u00f3ja egyet\u00e9rtett abban, hogy [&hellip;]<\/p>\n","protected":false},"author":1,"featured_media":0,"parent":0,"menu_order":0,"comment_status":"closed","ping_status":"closed","template":"","meta":{"_acf_changed":false,"_exactmetrics_skip_tracking":false,"_exactmetrics_sitenote_active":false,"_exactmetrics_sitenote_note":"","_exactmetrics_sitenote_category":0,"footnotes":""},"class_list":["post-2","page","type-page","status-publish","hentry"],"acf":[],"yoast_head":"<!-- This site is optimized with the Yoast SEO plugin v27.5 - https:\/\/yoast.com\/product\/yoast-seo-wordpress\/ -->\n<title>Canossa | Emberfeletti k\u00fczdelem egy Emberhez m\u00e9lt\u00f3 \u00e9let\u00e9rt<\/title>\n<meta name=\"description\" content=\"A Canossa t\u00fal\u00e9l\u0151 csomag mindazok sz\u00e1m\u00e1ra, akik s\u00falyos betegs\u00e9gekkel k\u00fczdenek, rem\u00e9nyt, hit\u00fcket vesztettek, vagy nem \u00e9rzik a hely\u00fcket a vil\u00e1gban.\" \/>\n<meta name=\"robots\" content=\"index, follow, max-snippet:-1, max-image-preview:large, max-video-preview:-1\" \/>\n<link rel=\"canonical\" href=\"https:\/\/canossa.net\/hu\/\" \/>\n<meta property=\"og:locale\" content=\"hu_HU\" \/>\n<meta property=\"og:type\" content=\"article\" \/>\n<meta property=\"og:title\" content=\"Canossa | Emberfeletti k\u00fczdelem egy Emberhez m\u00e9lt\u00f3 \u00e9let\u00e9rt\" \/>\n<meta property=\"og:description\" content=\"A Canossa t\u00fal\u00e9l\u0151 csomag mindazok sz\u00e1m\u00e1ra, akik s\u00falyos betegs\u00e9gekkel k\u00fczdenek, rem\u00e9nyt, hit\u00fcket vesztettek, vagy nem \u00e9rzik a hely\u00fcket a vil\u00e1gban.\" \/>\n<meta property=\"og:url\" content=\"https:\/\/canossa.net\/hu\/\" \/>\n<meta property=\"og:site_name\" content=\"Canossa | HU\" \/>\n<meta property=\"article:modified_time\" content=\"2020-10-15T22:36:26+00:00\" \/>\n<meta name=\"twitter:card\" content=\"summary_large_image\" \/>\n<meta name=\"twitter:title\" content=\"Canossa | Emberfeletti k\u00fczdelem egy Emberhez m\u00e9lt\u00f3 \u00e9let\u00e9rt\" \/>\n<meta name=\"twitter:description\" content=\"A Canossa t\u00fal\u00e9l\u0151 csomag mindazok sz\u00e1m\u00e1ra, akik s\u00falyos betegs\u00e9gekkel k\u00fczdenek, rem\u00e9nyt, hit\u00fcket vesztettek, vagy nem \u00e9rzik a hely\u00fcket a vil\u00e1gban.\" \/>\n<meta name=\"twitter:image\" content=\"https:\/\/canossa.net\/wp-content\/uploads\/2018\/09\/canosssa-youtube-cover-1.jpg\" \/>\n<script type=\"application\/ld+json\" class=\"yoast-schema-graph\">{\"@context\":\"https:\\\/\\\/schema.org\",\"@graph\":[{\"@type\":\"WebPage\",\"@id\":\"https:\\\/\\\/canossa.net\\\/hu\\\/\",\"url\":\"https:\\\/\\\/canossa.net\\\/hu\\\/\",\"name\":\"Canossa | Emberfeletti k\u00fczdelem egy Emberhez m\u00e9lt\u00f3 \u00e9let\u00e9rt\",\"isPartOf\":{\"@id\":\"https:\\\/\\\/canossa.net\\\/hu\\\/#website\"},\"datePublished\":\"2018-02-04T13:11:21+00:00\",\"dateModified\":\"2020-10-15T22:36:26+00:00\",\"description\":\"A Canossa t\u00fal\u00e9l\u0151 csomag mindazok sz\u00e1m\u00e1ra, akik s\u00falyos betegs\u00e9gekkel k\u00fczdenek, rem\u00e9nyt, hit\u00fcket vesztettek, vagy nem \u00e9rzik a hely\u00fcket a vil\u00e1gban.\",\"breadcrumb\":{\"@id\":\"https:\\\/\\\/canossa.net\\\/hu\\\/#breadcrumb\"},\"inLanguage\":\"hu\",\"potentialAction\":[{\"@type\":\"ReadAction\",\"target\":[\"https:\\\/\\\/canossa.net\\\/hu\\\/\"]}]},{\"@type\":\"BreadcrumbList\",\"@id\":\"https:\\\/\\\/canossa.net\\\/hu\\\/#breadcrumb\",\"itemListElement\":[{\"@type\":\"ListItem\",\"position\":1,\"name\":\"Home\",\"item\":\"https:\\\/\\\/canossa.net\\\/hu\\\/\"},{\"@type\":\"ListItem\",\"position\":2,\"name\":\"Main Page\"}]},{\"@type\":\"WebSite\",\"@id\":\"https:\\\/\\\/canossa.net\\\/hu\\\/#website\",\"url\":\"https:\\\/\\\/canossa.net\\\/hu\\\/\",\"name\":\"Canossa | HU\",\"description\":\"Superhuman struggle for a humane life\",\"publisher\":{\"@id\":\"https:\\\/\\\/canossa.net\\\/hu\\\/#organization\"},\"potentialAction\":[{\"@type\":\"SearchAction\",\"target\":{\"@type\":\"EntryPoint\",\"urlTemplate\":\"https:\\\/\\\/canossa.net\\\/hu\\\/?s={search_term_string}\"},\"query-input\":{\"@type\":\"PropertyValueSpecification\",\"valueRequired\":true,\"valueName\":\"search_term_string\"}}],\"inLanguage\":\"hu\"},{\"@type\":\"Organization\",\"@id\":\"https:\\\/\\\/canossa.net\\\/hu\\\/#organization\",\"name\":\"Canossa | HU\",\"url\":\"https:\\\/\\\/canossa.net\\\/hu\\\/\",\"logo\":{\"@type\":\"ImageObject\",\"inLanguage\":\"hu\",\"@id\":\"https:\\\/\\\/canossa.net\\\/hu\\\/#\\\/schema\\\/logo\\\/image\\\/\",\"url\":\"https:\\\/\\\/canossa.net\\\/hu\\\/wp-content\\\/uploads\\\/sites\\\/3\\\/2018\\\/04\\\/cropped-logo-v2.png\",\"contentUrl\":\"https:\\\/\\\/canossa.net\\\/hu\\\/wp-content\\\/uploads\\\/sites\\\/3\\\/2018\\\/04\\\/cropped-logo-v2.png\",\"width\":546,\"height\":110,\"caption\":\"Canossa | HU\"},\"image\":{\"@id\":\"https:\\\/\\\/canossa.net\\\/hu\\\/#\\\/schema\\\/logo\\\/image\\\/\"}}]}<\/script>\n<!-- \/ Yoast SEO plugin. -->","yoast_head_json":{"title":"Canossa | Emberfeletti k\u00fczdelem egy Emberhez m\u00e9lt\u00f3 \u00e9let\u00e9rt","description":"A Canossa t\u00fal\u00e9l\u0151 csomag mindazok sz\u00e1m\u00e1ra, akik s\u00falyos betegs\u00e9gekkel k\u00fczdenek, rem\u00e9nyt, hit\u00fcket vesztettek, vagy nem \u00e9rzik a hely\u00fcket a vil\u00e1gban.","robots":{"index":"index","follow":"follow","max-snippet":"max-snippet:-1","max-image-preview":"max-image-preview:large","max-video-preview":"max-video-preview:-1"},"canonical":"https:\/\/canossa.net\/hu\/","og_locale":"hu_HU","og_type":"article","og_title":"Canossa | Emberfeletti k\u00fczdelem egy Emberhez m\u00e9lt\u00f3 \u00e9let\u00e9rt","og_description":"A Canossa t\u00fal\u00e9l\u0151 csomag mindazok sz\u00e1m\u00e1ra, akik s\u00falyos betegs\u00e9gekkel k\u00fczdenek, rem\u00e9nyt, hit\u00fcket vesztettek, vagy nem \u00e9rzik a hely\u00fcket a vil\u00e1gban.","og_url":"https:\/\/canossa.net\/hu\/","og_site_name":"Canossa | HU","article_modified_time":"2020-10-15T22:36:26+00:00","twitter_card":"summary_large_image","twitter_title":"Canossa | Emberfeletti k\u00fczdelem egy Emberhez m\u00e9lt\u00f3 \u00e9let\u00e9rt","twitter_description":"A Canossa t\u00fal\u00e9l\u0151 csomag mindazok sz\u00e1m\u00e1ra, akik s\u00falyos betegs\u00e9gekkel k\u00fczdenek, rem\u00e9nyt, hit\u00fcket vesztettek, vagy nem \u00e9rzik a hely\u00fcket a vil\u00e1gban.","twitter_image":"https:\/\/canossa.net\/wp-content\/uploads\/2018\/09\/canosssa-youtube-cover-1.jpg","schema":{"@context":"https:\/\/schema.org","@graph":[{"@type":"WebPage","@id":"https:\/\/canossa.net\/hu\/","url":"https:\/\/canossa.net\/hu\/","name":"Canossa | Emberfeletti k\u00fczdelem egy Emberhez m\u00e9lt\u00f3 \u00e9let\u00e9rt","isPartOf":{"@id":"https:\/\/canossa.net\/hu\/#website"},"datePublished":"2018-02-04T13:11:21+00:00","dateModified":"2020-10-15T22:36:26+00:00","description":"A Canossa t\u00fal\u00e9l\u0151 csomag mindazok sz\u00e1m\u00e1ra, akik s\u00falyos betegs\u00e9gekkel k\u00fczdenek, rem\u00e9nyt, hit\u00fcket vesztettek, vagy nem \u00e9rzik a hely\u00fcket a vil\u00e1gban.","breadcrumb":{"@id":"https:\/\/canossa.net\/hu\/#breadcrumb"},"inLanguage":"hu","potentialAction":[{"@type":"ReadAction","target":["https:\/\/canossa.net\/hu\/"]}]},{"@type":"BreadcrumbList","@id":"https:\/\/canossa.net\/hu\/#breadcrumb","itemListElement":[{"@type":"ListItem","position":1,"name":"Home","item":"https:\/\/canossa.net\/hu\/"},{"@type":"ListItem","position":2,"name":"Main Page"}]},{"@type":"WebSite","@id":"https:\/\/canossa.net\/hu\/#website","url":"https:\/\/canossa.net\/hu\/","name":"Canossa | HU","description":"Superhuman struggle for a humane life","publisher":{"@id":"https:\/\/canossa.net\/hu\/#organization"},"potentialAction":[{"@type":"SearchAction","target":{"@type":"EntryPoint","urlTemplate":"https:\/\/canossa.net\/hu\/?s={search_term_string}"},"query-input":{"@type":"PropertyValueSpecification","valueRequired":true,"valueName":"search_term_string"}}],"inLanguage":"hu"},{"@type":"Organization","@id":"https:\/\/canossa.net\/hu\/#organization","name":"Canossa | HU","url":"https:\/\/canossa.net\/hu\/","logo":{"@type":"ImageObject","inLanguage":"hu","@id":"https:\/\/canossa.net\/hu\/#\/schema\/logo\/image\/","url":"https:\/\/canossa.net\/hu\/wp-content\/uploads\/sites\/3\/2018\/04\/cropped-logo-v2.png","contentUrl":"https:\/\/canossa.net\/hu\/wp-content\/uploads\/sites\/3\/2018\/04\/cropped-logo-v2.png","width":546,"height":110,"caption":"Canossa | HU"},"image":{"@id":"https:\/\/canossa.net\/hu\/#\/schema\/logo\/image\/"}}]}},"_links":{"self":[{"href":"https:\/\/canossa.net\/hu\/wp-json\/wp\/v2\/pages\/2","targetHints":{"allow":["GET"]}}],"collection":[{"href":"https:\/\/canossa.net\/hu\/wp-json\/wp\/v2\/pages"}],"about":[{"href":"https:\/\/canossa.net\/hu\/wp-json\/wp\/v2\/types\/page"}],"author":[{"embeddable":true,"href":"https:\/\/canossa.net\/hu\/wp-json\/wp\/v2\/users\/1"}],"replies":[{"embeddable":true,"href":"https:\/\/canossa.net\/hu\/wp-json\/wp\/v2\/comments?post=2"}],"version-history":[{"count":230,"href":"https:\/\/canossa.net\/hu\/wp-json\/wp\/v2\/pages\/2\/revisions"}],"predecessor-version":[{"id":4816,"href":"https:\/\/canossa.net\/hu\/wp-json\/wp\/v2\/pages\/2\/revisions\/4816"}],"wp:attachment":[{"href":"https:\/\/canossa.net\/hu\/wp-json\/wp\/v2\/media?parent=2"}],"curies":[{"name":"wp","href":"https:\/\/api.w.org\/{rel}","templated":true}]}}