{"id":3158,"date":"2018-02-27T11:55:51","date_gmt":"2018-02-27T11:55:51","guid":{"rendered":"http:\/\/canossa.net\/hu\/?page_id=3158"},"modified":"2019-05-28T19:37:28","modified_gmt":"2019-05-28T19:37:28","slug":"tortenet","status":"publish","type":"page","link":"https:\/\/canossa.net\/hu\/tortenet\/","title":{"rendered":"T\u00f6rt\u00e9net"},"content":{"rendered":"<div id=\"pl-3158\"  class=\"panel-layout\" ><div id=\"pg-3158-0\"  class=\"panel-grid panel-no-style\" ><div id=\"pgc-3158-0-0\"  class=\"panel-grid-cell\" ><div id=\"panel-3158-0-0-0\" class=\"so-panel widget widget_sow-editor panel-first-child panel-last-child widgetopts-SO\" data-index=\"0\" ><div\n\t\t\t\n\t\t\tclass=\"so-widget-sow-editor so-widget-sow-editor-base\"\n\t\t\t\n\t\t>\n<div class=\"siteorigin-widget-tinymce textwidget\">\n\t<blockquote>\n<h2 style=\"color: #e6662f;\">Megrend\u00edt\u0151, fordulatokban gazdag fejl\u0151d\u00e9st\u00f6rt\u00e9net.<\/h2>\n<\/blockquote>\n<p><em>Az onkol\u00f3gusom, az onkopszichol\u00f3gusom, valamint blogom 16 000 olvas\u00f3ja egyet\u00e9rtett abban, hogy a Canossa k\u00f6nyv \u00e9s zenem\u0171 ment\u00e1lhigi\u00e9n\u00e9s c\u00e9lb\u00f3l hasznos\u00edthat\u00f3, b\u00e1rki sz\u00e1m\u00e1ra tanuls\u00e1gos. Mindez igaz az \u00edrott \u00e9s zenei form\u00e1ban egyar\u00e1nt megelevened\u0151 Canossa hist\u00f3ri\u00e1ra. A szem\u00e9lyes dr\u00e1m\u00e1n kereszt\u00fcl egy\u00e9ni aspektusb\u00f3l megismerhetj\u00fck a kora '70-es \u00e9vekt\u0151l eltelt \u00f6tven \u00e9v magyar val\u00f3s\u00e1g\u00e1t is.<\/em><\/p>\n<p>\u00c9let\u00fcnk v\u00e1laszt\u00e1sok sorozata. Minden pillanatban d\u00f6nt\u00e9st hozunk egy helyes \u00e9s egy helyesnek v\u00e9lt \u00fat k\u00f6z\u00f6tt. \u00c9n m\u00e1r r\u00e9gen t\u00e9v\u00faton j\u00e1rtam, amikor egy s\u00falyos m\u0171hiba miatt <strong>bal l\u00e1bam amput\u00e1ci\u00f3ja elker\u00fclhetetlennek t\u0171nt<\/strong>. Az ezt k\u00f6vet\u0151 tizenk\u00e9t h\u00f3nap sor\u00e1n <strong>megvakultam<\/strong>, <strong>elvesz\u00edtettem tests\u00falyom 60%-\u00e1t \u00e9s kis h\u00edj\u00e1n elt\u00e1vol\u00edtott\u00e1k a ves\u00e9met<\/strong>. Mikor v\u00e9gre helyesen diagnosztiz\u00e1lt\u00e1k betegs\u00e9gem, a r\u00e1ksejtek m\u00e1r nyer\u00e9sre \u00e1lltak. Onkol\u00f3giai kezel\u00e9sem kezdet\u00e9re teljesen legyeng\u00fcltem \u00e9s hitehagyott\u00e1 v\u00e1ltam.<\/p>\n<\/div>\n<\/div><\/div><\/div><\/div><div id=\"pg-3158-1\"  class=\"panel-grid panel-has-style\" ><div class=\"siteorigin-panels-stretch panel-row-style panel-row-style-for-3158-1\" data-stretch-type=\"full-stretched\" ><div id=\"pgc-3158-1-0\"  class=\"panel-grid-cell panel-grid-cell-empty\" ><\/div><\/div><\/div><div id=\"pg-3158-2\"  class=\"panel-grid panel-no-style\" ><div id=\"pgc-3158-2-0\"  class=\"panel-grid-cell\" ><div id=\"panel-3158-2-0-0\" class=\"so-panel widget widget_sow-editor panel-first-child panel-last-child widgetopts-SO\" data-index=\"1\" ><div\n\t\t\t\n\t\t\tclass=\"so-widget-sow-editor so-widget-sow-editor-base\"\n\t\t\t\n\t\t>\n<div class=\"siteorigin-widget-tinymce textwidget\">\n\t<h4><strong>Elt\u00e9vedtem.<\/strong><\/h4>\n<p>Alighogy bel\u00e9m nyilallt a r\u00e9m\u00fclt felismer\u00e9s, \u00f6sszetal\u00e1lkoztam egy udvarias, k\u00f6z\u00e9pkor\u00fa h\u00f6lggyel.<\/p>\n<p>\u0150 az \u00fcres folyos\u00f3n egy kerekes sz\u00e9k\u00e9ben k\u00e9ts\u00e9gbeesett arccal \u00fcl\u0151, betegesen sov\u00e1ny, pokr\u00f3cba bugyol\u00e1lt figur\u00e1t vett \u00e9szre. Azonnal a seg\u00edts\u00e9g\u00e9re sietett.<\/p>\n<blockquote>\n<p><strong>- Kit keres, fiatalember?<br \/>\n<\/strong><strong>- Elfelejtettem.<br \/>\n<\/strong><strong>- Melyik oszt\u00e1lyr\u00f3l j\u00f6tt?<br \/>\n<\/strong><strong>- Nem eml\u00e9kszem.<br \/>\n<\/strong><strong>- Ki a kezel\u0151orvosa?<br \/>\n<\/strong><strong>- Nem tudom.<br \/>\n<\/strong><strong>- Mi az \u00f6n neve?<br \/>\n<\/strong><strong>- Nem jut eszembe\u2026.<\/strong><\/p>\n<\/blockquote>\n<p>A fenti diskurzusra hist\u00f3ri\u00e1m m\u00e9lypontj\u00e1n, 2007 m\u00e1rcius elej\u00e9n ker\u00fclt sor. Szervezetemet a n\u00e9h\u00e1ny h\u00e9ttel kor\u00e1bban diagnosztiz\u00e1lt nagy sejtes (diff\u00faz) Non-Hodgkin lymphoma \u00e9s a Hodgkin-k\u00f3r ekkorra annyira legyeng\u00edtette, hogy onkol\u00f3giai kezel\u00e9sem ellehetetlen\u00fclt. A l\u00e1t\u00f3ideg v\u00e9gz\u0151d\u00e9semre telepedett r\u00e1ksejtek miatt sz\u00f3 szerint kil\u00e1t\u00e1stalanul, magatehetetlen\u00fcl v\u00e1rtam a v\u00e9get.<\/p>\n<p><strong>Ez kish\u00edj\u00e1n bek\u00f6vetkezett.<\/strong><\/p>\n<p>\u00d6ntudatlanul veget\u00e1ltam, <strong>nyolc - t\u00edz napon kereszt\u00fcl<\/strong> <strong>\u00e9let \u00e9s hal\u00e1l k\u00f6z\u00f6tt<\/strong>. Bek\u00f6vetkezett az elker\u00fclhetetlen \u00f6sszeoml\u00e1s.<\/p>\n<p><strong>Azut\u00e1n \u00e1t\u00e9ltem a visszat\u00e9r\u00e9s katarzis\u00e1t.<\/strong><\/p>\n<p>J\u00f3 n\u00e9h\u00e1ny, klinikai szempontb\u00f3l bekalkul\u00e1lhatatlan t\u00e9nyez\u0151 kellett ahhoz, hogy egy hajnali \u00f6sszeoml\u00e1st k\u00f6vet\u0151en csoda t\u00f6rt\u00e9njen. Az \u00e9letem\u00e9rt k\u00fczd\u0151 orvosok \u00e9s n\u0151v\u00e9rek brav\u00farja j\u00f3volt\u00e1b\u00f3l abban az \u00e9vben \u00e9n lettem a Haematol\u00f3giai oszt\u00e1ly \u201ebezzeg betege\u201d. Onnan, ahonnan engem siker\u00fclt visszahozni, m\u00e9g nem sokan t\u00e9rtek vissza az \u00e9lettani funkci\u00f3k maradand\u00f3 k\u00e1rosod\u00e1sa n\u00e9lk\u00fcl. 2006 janu\u00e1rja \u00e9s 2007 augusztusa k\u00f6z\u00f6tt t\u00f6bb id\u0151t t\u00f6lt\u00f6ttem k\u00fcl\u00f6nf\u00e9le k\u00f3rh\u00e1zak k\u00f3rtermeiben, mint odahaza. A <strong>145 napos hospitaliz\u00e1ci\u00f3<\/strong> okozta poszttraumatikus t\u00fcnetek kezel\u00e9se k\u00f6zben onkopszichol\u00f3gusom javaslat\u00e1ra, ter\u00e1pi\u00e1s c\u00e9lb\u00f3l elkezdtem ki\u00edrni magamb\u00f3l \u00e9lm\u00e9nyeimet.<\/p>\n<p>K\u00faraszer\u0171 kemoter\u00e1pi\u00e1s kezel\u00e9sek, homloklebenyemet c\u00e9lz\u00f3 sug\u00e1rter\u00e1pi\u00e1k j\u00f3volt\u00e1b\u00f3l meggy\u00f3gyultam \u00e9s ek\u00f6zben volt id\u0151m, hogy r\u00e1j\u00f6jjek, mikor t\u00e9vedtem el. A folyamat paradigmav\u00e1lt\u00e1st eredm\u00e9nyezett. El\u0151bb siker\u00fclt megtal\u00e1lnom a hibak\u00f3dot, amely a k\u00fcl\u00f6nb\u00f6z\u0151s\u00e9gt\u00e9telb\u0151l fakad\u00f3 konfliktusterhes \u00e9letszakaszom cselekedetei vez\u00e9relte. Miut\u00e1n megfejtettem, \u00e1t\u00edrtam, azut\u00e1n Ariadn\u00e9 fonalam ment\u00e9n kital\u00e1ltam a magam \u00e9p\u00edtette labirintusb\u00f3l \u00e9s le is bontottam azt. Az\u00f3ta arra rezon\u00e1lok, hogy az els\u0151 pillanatokban megtal\u00e1ljam a konszenzushoz vezet\u0151 metsz\u00e9spontot a velem kapcsolatba ker\u00fcl\u0151 emberekkel.<\/p>\n<p>Ezzel p\u00e1rhuzamosan \u00edrni kezdtem \u00e9s kompon\u00e1lni. M\u0171k\u00f6d\u00e9sbe l\u00e9pett az \u00f6ngy\u00f3gy\u00edt\u00f3 mechanizmus. \u00dajra \u00e1t\u00e9ltem a kr\u00edzishez vezet\u0151 el\u0151zm\u00e9nyeket. A kis h\u00edj\u00e1n trag\u00e9di\u00e1ba torkoll\u00f3 \u00f6sszeoml\u00e1st, a visszat\u00e9r\u00e9s katarzis\u00e1t \u00e9s a l\u00e9tharm\u00f3nia megteremt\u00e9s\u00e9nek euforikus pillanatait. \u00cdgy j\u00f6tt l\u00e9tre a <strong>Canossa<\/strong> zenem\u0171 \u00e9s k\u00f6nyv.<\/p>\n<p><strong>Ek\u00f6zben egyre gyakrabban tapasztaltam a r\u00e1k szem\u00e9lyis\u00e9gfejl\u0151d\u00e9semre gyakorolt j\u00f3t\u00e9kony hat\u00e1s\u00e1t.<\/strong><\/p>\n<p><strong>2001 - 2005:<\/strong> L\u00e1bsz\u00e1rcsontom elviselhetetlen f\u00e1jdalmai kr\u00f3nikus \u00e1lmatlans\u00e1got okoznak.<\/p>\n<p><strong>2006 janu\u00e1r:<\/strong> Fel\u00fcletes diagn\u00f3zis alapj\u00e1n egy ortop\u00e9d seb\u00e9sz megoper\u00e1l. S\u00falyos m\u0171hiba t\u00f6rt\u00e9nik. A sz\u00f6vettani mintav\u00e9tel helyett elv\u00e9gzett m\u0171t\u00e9t sor\u00e1n megl\u00e9keli a csontomat. Elszabadul a pokol. V\u00e9gtagom t\u00f6bb pontj\u00e1n genny sziv\u00e1rog. K\u00e9ts\u00e9gbeesem.<\/p>\n<\/div>\n<\/div><\/div><\/div><\/div><div id=\"pg-3158-3\"  class=\"panel-grid panel-no-style\" ><div id=\"pgc-3158-3-0\"  class=\"panel-grid-cell\" ><div id=\"panel-3158-3-0-0\" class=\"so-panel widget widget_sow-editor panel-first-child panel-last-child widgetopts-SO\" data-index=\"2\" ><div\n\t\t\t\n\t\t\tclass=\"so-widget-sow-editor so-widget-sow-editor-base\"\n\t\t\t\n\t\t>\n<div class=\"siteorigin-widget-tinymce textwidget\">\n\t<p><img loading=\"lazy\" decoding=\"async\" class=\"aligncenter wp-image-3507 size-medium\" src=\"https:\/\/canossa.net\/wp-content\/uploads\/2018\/09\/Sebes-l\u00e1b-225x300.jpg\" alt=\"\" width=\"225\" height=\"300\" \/><\/p>\n<p><strong><em>2006. m\u00e1jus:<\/em> <\/strong>Szeptikus csontseb\u00e9sz professzorhoz fordulok. Az oper\u00e1ci\u00f3 sz\u00e1momra mindaddig elk\u00e9pzelhetetlen borzalmakkal j\u00e1r. A beavatkoz\u00e1s helysz\u00edn\u00e9n tapasztalt XIX. sz\u00e1zadi higi\u00e9n\u00e9s k\u00f6r\u00fclm\u00e9nyek, a kerekessz\u00e9kben k\u00f6zleked\u0151 v\u00e9gtaghi\u00e1nyos emberek sebeinek t\u00f6m\u00e9ny szaga, a k\u00e9t halaszt\u00e1s ut\u00e1n v\u00e9grehajtott \u2013 az eredeti m\u0171t\u00e9ti terv oper\u00e1ci\u00f3 k\u00f6zben t\u00f6rt\u00e9n\u0151 megv\u00e1ltoztat\u00e1sa miatt hat\u00e1s\u00e1t veszt\u0151 \u00e9rz\u00e9stelen\u00edt\u0151 hi\u00e1nya - \u00e9s p\u00f3tl\u00e1sa miatt \u00e1t\u00e9lt f\u00e1jdalommal j\u00e1r\u00f3 \u2013 oper\u00e1ci\u00f3. Majd az azt k\u00f6vet\u0151, tart\u00f3snak bizonyul\u00f3 j\u00e1r\u00e1sk\u00e9ptelens\u00e9gen t\u00fal \u00fajabb szerepl\u0151 csatlakozik az a m\u00e1r addig sem esem\u00e9nytelen dr\u00e1m\u00e1hoz: <strong>MRSA<\/strong> (Methicillin-Resistant Staphylococcus Aureus). Egy szakmai k\u00f6r <strong>az amput\u00e1ci\u00f3t elker\u00fclhetetlennek \u00edt\u00e9li<\/strong>. \u00c9n ugyan az eddigin\u00e9l er\u0151sebben esem k\u00e9ts\u00e9gbe, de nem j\u00e1rulok hozz\u00e1.<\/p>\n<p><strong><em>2006. december:<\/em> <\/strong>Napr\u00f3l-napra gyeng\u00fcl\u00f6k. F\u00e1jdalmaim csup\u00e1n m\u00e1sf\u00e9l, k\u00e9t \u00f3r\u00e1nyi alv\u00e1st tesznek lehet\u0151v\u00e9. \u00c1ll\u00f3k\u00e9pess\u00e9gem a mell\u00e9khelyis\u00e9g felkeres\u00e9s\u00e9n \u00e9s a folyad\u00e9kfelv\u00e9telen t\u00fal komolyabb fizikai ig\u00e9nybev\u00e9telt nem tesz lehet\u0151v\u00e9. \u00c9hs\u00e9g\u00e9rzet hi\u00e1ny\u00e1ban alig veszek magamhoz szil\u00e1rd t\u00e1pl\u00e1l\u00e9kot.<\/p>\n<p><img loading=\"lazy\" decoding=\"async\" class=\"aligncenter size-medium wp-image-3477\" src=\"https:\/\/canossa.net\/wp-content\/uploads\/2018\/09\/DSC1328_bs-236x300.jpg\" alt=\"\" width=\"236\" height=\"300\" \/><strong>2007. janu\u00e1r:<\/strong> A belgy\u00f3gy\u00e1szati kivizsg\u00e1l\u00e1s \u00e1tt\u00e9tes v\u00e9rk\u00e9pz\u0151rendszeri daganatot \u00e1llap\u00edt meg. Az els\u0151 oper\u00e1ci\u00f3t k\u00f6vet\u0151 id\u0151szakban <strong>elvesz\u00edtem tests\u00falyom 60%-\u00e1t<\/strong>, gyakorlatilag <strong>megvakulok<\/strong> \u00e9s nem sokon m\u00falik, hogy elt\u00e1vol\u00edts\u00e1k a ves\u00e9met.<\/p>\n<p><strong>2007. febru\u00e1r 1. - 2007. szeptember 17.:<\/strong> A r\u00e1ksejtek nyer\u00e9sre \u00e1llnak. Elhagy az er\u0151m. Hitehagyott\u00e1 v\u00e1lok, mire elkezd\u0151dik onkol\u00f3giai kezel\u00e9sem. <strong>8-10 napon kereszt\u00fcl \u00e9let \u00e9s hal\u00e1l k\u00f6z\u00f6tt<\/strong> \u00f6ntudatlanul veget\u00e1lok. Egy lid\u00e9rces hajnalon \u00f6sszeomlok. Fentr\u0151l l\u00e1tom magatehetetlen\u00fcl fekv\u0151 testemet. Reggelre klinikai szempontb\u00f3l megmagyar\u00e1zhatatlan m\u00f3don magamhoz t\u00e9rek. M\u00e9g \u00e1gyhoz k\u00f6t\u00f6tt betegk\u00e9nt, az \u00e9letemet megment\u0151 orvoscsoport onkopszichol\u00f3gusn\u0151j\u00e9nek tan\u00e1cs\u00e1ra kezdem \u00e1ttekinteni addigi \u00e9letemet. Miut\u00e1n eml\u00e9kezetemben kutatva r\u00e1tal\u00e1lok arra a harmonikus id\u0151szakra, amikor val\u00f3di, felt\u00e9telmentes szeretet vett k\u00f6r\u00fcl, a fizikai kond\u00edci\u00f3m is javul annyit, hogy nukle\u00e1ris - \u00e9s vegyi fegyverek bevet\u00e9s\u00e9vel folytat\u00f3dhasson a r\u00e1ksejtek felsz\u00e1mol\u00e1sa. K\u00faraszer\u0171 kemoter\u00e1pi\u00e1s kezel\u00e9sek, homloklebenyemet c\u00e9lz\u00f3 sug\u00e1rter\u00e1pi\u00e1k j\u00f3volt\u00e1b\u00f3l \u0151szre visszanyerem l\u00e1t\u00e1somat \u00e9s a szeptemberi PET\/CT vizsg\u00e1lat komplett metabolikus rehreisszi\u00f3t igazol.<\/p>\n<p><strong>2008. \u00e1prilis - 2009. febru\u00e1r:<\/strong> Diagnosztikai vizsg\u00e1latok alapbetegs\u00e9gem visszat\u00e9r\u00e9s\u00e9t igazolj\u00e1k. Ambul\u00e1ns kemoter\u00e1pia kezd\u0151dik. A kezel\u00e9ssorozat hat\u00e1s\u00e1ra ism\u00e9t t\u00fcnetmentess\u00e9 v\u00e1lok. Az otthoni szeretet\u00e1raml\u00e1s \u00e1tmenetinek bizonyul. Ism\u00e9t konfliktusz\u00f3n\u00e1v\u00e1 v\u00e1lik otthonom.<\/p>\n<p><strong>2009. szeptember:<\/strong> Onkopszichol\u00f3gusn\u0151m poszttraumatikus t\u00fcneteket \u00e9szlel. Az \u00e1llapotroml\u00e1s elker\u00fcl\u00e9se \u00e9rdek\u00e9ben imm\u00e1r k\u00e9t javaslatot tesz: <strong>\u00edrjam ki magamb\u00f3l megr\u00e1zk\u00f3dtat\u00e1saimat<\/strong> \u00e9s halad\u00e9ktalanul keressem fel \u00e9lett\u00e1rsammal. <strong>Blogot ind\u00edtok<\/strong>, melyben Kanossza n\u00e9ven publik\u00e1lom \u00e9lm\u00e9nyeimet. Tem\u00e9rdek pozit\u00edv visszaigazol\u00e1st kapok olvas\u00f3imt\u00f3l. A p\u00e1rter\u00e1pia meghi\u00fasul.<\/p>\n<p><strong>2010. janu\u00e1r:<\/strong> A p\u00e1rkapcsolati v\u00e1ls\u00e1g visszaford\u00edthatatlannak bizonyul.<\/p>\n<p><strong>2011. febru\u00e1r:<\/strong> Megismerkedek egy h\u00f6lggyel, aki element\u00e1ris hat\u00e1st gyakorol r\u00e1m. Eddig soha nem \u00e9rzett euforikus \u00e9rz\u00e9s v\u00e1ltja fel a lelkemben addigra m\u00e1r elhatalmasodni l\u00e1tsz\u00f3 pesszimizmust. Val\u00f3di Szerelem sz\u00f6v\u0151dik k\u00f6z\u00f6tt\u00fcnk. Mik\u00f6zben aktiviz\u00e1lom 1987-ben alap\u00edtott zenei projektemet, a st\u00fadi\u00f3munk\u00e1latok sor\u00e1n \u00faj, minden addigin\u00e1l innovat\u00edvabb alkot\u00f3t\u00e1rsakra lelek.<\/p>\n<p><strong>2012. m\u00e1jus:<\/strong> \u00c9rzelmi - \u00e9s financi\u00e1lis zsarol\u00e1s, melodramatikus klis\u00e9kkel tark\u00edtott konfliktusok k\u00f6zepette hosszas hezit\u00e1l\u00e1s ut\u00e1n, megszak\u00edtom szerelmi kapcsolatomat. Az otthoni konfliktusok jott\u00e1nyit sem csillapodnak. Az \u00e9rzelmi sivatag okozta szomj\u00fas\u00e1g feltart\u00f3ztathatatlanul rep\u00edt vissza a Szerelem fel\u00e9. Egy mindk\u00e9t f\u00e9l sz\u00e1m\u00e1ra megal\u00e1z\u00f3 csetepat\u00e9 k\u00f6zepette legfontosabb, szem\u00e9lyg\u00e9pkocsiban elhelyezhet\u0151 poggy\u00e1szommal elhagyom \u00e9lett\u00e1rsamat \u00e9s magam teremtette \u2013 valaha idillinek v\u00e9lt \u2013 t\u00f3parti h\u00e1zam. <strong>\u00daj alapokon, \u00faj \u00e9letet kezdek szerelmemmel.<\/strong><\/p>\n<p><strong>2012. december:<\/strong> Az \u00e9letem ism\u00e9t s\u00ednre ker\u00fcl. Megtal\u00e1lom ide\u00e1lis helyemet \u00e9s val\u00f3di utamat. Ekkora kor\u00e1bbi bar\u00e1ti k\u00f6r\u00f6m jelent\u0151s r\u00e9sze kicser\u00e9l\u0151dik. A megmaradt nexusok min\u0151s\u00e9gi javul\u00e1s\u00e1t tapasztalom. E mellett, \u00faj, emocion\u00e1lisan, intellektu\u00e1lisan egyar\u00e1nt \u00e9rt\u00e9kesebb \u00e9s id\u0151t\u00e1ll\u00f3bb kapcsolatok sz\u00fcletnek.<\/p>\n<p><strong>2013. j\u00falius:<\/strong> <strong>Elhat\u00e1rozom, blogomban k\u00f6zz\u00e9tett t\u00f6rt\u00e9netemet kieg\u00e9sz\u00edtem.<\/strong> Elindul egy olyan alkot\u00f3i folyamat, amely sor\u00e1n az \u00edr\u00e1s k\u00f6zben megfogalmaz\u00f3d\u00f3 gondolatok zenei kompoz\u00edci\u00f3kat inspir\u00e1lnak.<\/p>\n<p><strong>2013. augusztus - 2018. augusztus:<\/strong> <strong>Azonos tematika alapj\u00e1n megalkotom a Canossa zenem\u0171vet \u00e9s k\u00f6nyvet.<\/strong> \u00d6sszefoglalom a kr\u00edzishez vezet\u0151 el\u0151zm\u00e9nyeket, a kis h\u00edj\u00e1n trag\u00e9di\u00e1ba torkoll\u00f3 \u00f6sszeoml\u00e1st, a visszat\u00e9r\u00e9s katarzis\u00e1t \u00e9s a l\u00e9tharm\u00f3nia megteremt\u00e9s\u00e9nek felemel\u0151 pillanatait. Ek\u00f6zben egyre gyakrabban tapasztalom a r\u00e1k szem\u00e9lyis\u00e9gfejl\u0151d\u00e9semre gyakorolt j\u00f3t\u00e9kony hat\u00e1s\u00e1t.<\/p>\n<\/div>\n<\/div><\/div><\/div><\/div><\/div>","protected":false},"excerpt":{"rendered":"<p>Megrend\u00edt\u0151, fordulatokban gazdag fejl\u0151d\u00e9st\u00f6rt\u00e9net. Az onkol\u00f3gusom, az onkopszichol\u00f3gusom, valamint blogom 16 000 olvas\u00f3ja egyet\u00e9rtett abban, hogy a Canossa k\u00f6nyv \u00e9s zenem\u0171 ment\u00e1lhigi\u00e9n\u00e9s c\u00e9lb\u00f3l hasznos\u00edthat\u00f3, b\u00e1rki sz\u00e1m\u00e1ra tanuls\u00e1gos. Mindez igaz az \u00edrott \u00e9s zenei form\u00e1ban egyar\u00e1nt megelevened\u0151 Canossa hist\u00f3ri\u00e1ra. A szem\u00e9lyes dr\u00e1m\u00e1n kereszt\u00fcl egy\u00e9ni aspektusb\u00f3l megismerhetj\u00fck a kora &#8217;70-es \u00e9vekt\u0151l eltelt \u00f6tven \u00e9v magyar val\u00f3s\u00e1g\u00e1t is. [&hellip;]<\/p>\n","protected":false},"author":1,"featured_media":0,"parent":0,"menu_order":0,"comment_status":"closed","ping_status":"closed","template":"","meta":{"_acf_changed":false,"_exactmetrics_skip_tracking":false,"_exactmetrics_sitenote_active":false,"_exactmetrics_sitenote_note":"","_exactmetrics_sitenote_category":0,"footnotes":""},"class_list":["post-3158","page","type-page","status-publish","hentry"],"acf":[],"yoast_head":"<!-- This site is optimized with the Yoast SEO plugin v27.4 - https:\/\/yoast.com\/product\/yoast-seo-wordpress\/ -->\n<title>T\u00f6rt\u00e9net - Canossa | HU<\/title>\n<meta name=\"robots\" content=\"index, follow, max-snippet:-1, max-image-preview:large, max-video-preview:-1\" \/>\n<link rel=\"canonical\" href=\"https:\/\/canossa.net\/hu\/tortenet\/\" \/>\n<meta property=\"og:locale\" content=\"hu_HU\" \/>\n<meta property=\"og:type\" content=\"article\" \/>\n<meta property=\"og:title\" content=\"T\u00f6rt\u00e9net - Canossa | HU\" \/>\n<meta property=\"og:description\" content=\"Megrend\u00edt\u0151, fordulatokban gazdag fejl\u0151d\u00e9st\u00f6rt\u00e9net. Az onkol\u00f3gusom, az onkopszichol\u00f3gusom, valamint blogom 16 000 olvas\u00f3ja egyet\u00e9rtett abban, hogy a Canossa k\u00f6nyv \u00e9s zenem\u0171 ment\u00e1lhigi\u00e9n\u00e9s c\u00e9lb\u00f3l hasznos\u00edthat\u00f3, b\u00e1rki sz\u00e1m\u00e1ra tanuls\u00e1gos. Mindez igaz az \u00edrott \u00e9s zenei form\u00e1ban egyar\u00e1nt megelevened\u0151 Canossa hist\u00f3ri\u00e1ra. A szem\u00e9lyes dr\u00e1m\u00e1n kereszt\u00fcl egy\u00e9ni aspektusb\u00f3l megismerhetj\u00fck a kora &#039;70-es \u00e9vekt\u0151l eltelt \u00f6tven \u00e9v magyar val\u00f3s\u00e1g\u00e1t is. [&hellip;]\" \/>\n<meta property=\"og:url\" content=\"https:\/\/canossa.net\/hu\/tortenet\/\" \/>\n<meta property=\"og:site_name\" content=\"Canossa | HU\" \/>\n<meta property=\"article:modified_time\" content=\"2019-05-28T19:37:28+00:00\" \/>\n<meta property=\"og:image\" content=\"https:\/\/canossa.net\/wp-content\/uploads\/2018\/09\/DSC1328_bs-236x300.jpg\" \/>\n<meta name=\"twitter:card\" content=\"summary_large_image\" \/>\n<meta name=\"twitter:label1\" content=\"Becs\u00fclt olvas\u00e1si id\u0151\" \/>\n\t<meta name=\"twitter:data1\" content=\"8 perc\" \/>\n<script type=\"application\/ld+json\" class=\"yoast-schema-graph\">{\"@context\":\"https:\\\/\\\/schema.org\",\"@graph\":[{\"@type\":\"WebPage\",\"@id\":\"https:\\\/\\\/canossa.net\\\/hu\\\/tortenet\\\/\",\"url\":\"https:\\\/\\\/canossa.net\\\/hu\\\/tortenet\\\/\",\"name\":\"T\u00f6rt\u00e9net - Canossa | HU\",\"isPartOf\":{\"@id\":\"https:\\\/\\\/canossa.net\\\/hu\\\/#website\"},\"primaryImageOfPage\":{\"@id\":\"https:\\\/\\\/canossa.net\\\/hu\\\/tortenet\\\/#primaryimage\"},\"image\":{\"@id\":\"https:\\\/\\\/canossa.net\\\/hu\\\/tortenet\\\/#primaryimage\"},\"thumbnailUrl\":\"https:\\\/\\\/canossa.net\\\/wp-content\\\/uploads\\\/2018\\\/09\\\/DSC1328_bs-236x300.jpg\",\"datePublished\":\"2018-02-27T11:55:51+00:00\",\"dateModified\":\"2019-05-28T19:37:28+00:00\",\"breadcrumb\":{\"@id\":\"https:\\\/\\\/canossa.net\\\/hu\\\/tortenet\\\/#breadcrumb\"},\"inLanguage\":\"hu\",\"potentialAction\":[{\"@type\":\"ReadAction\",\"target\":[\"https:\\\/\\\/canossa.net\\\/hu\\\/tortenet\\\/\"]}]},{\"@type\":\"ImageObject\",\"inLanguage\":\"hu\",\"@id\":\"https:\\\/\\\/canossa.net\\\/hu\\\/tortenet\\\/#primaryimage\",\"url\":\"https:\\\/\\\/canossa.net\\\/wp-content\\\/uploads\\\/2018\\\/09\\\/DSC1328_bs-236x300.jpg\",\"contentUrl\":\"https:\\\/\\\/canossa.net\\\/wp-content\\\/uploads\\\/2018\\\/09\\\/DSC1328_bs-236x300.jpg\"},{\"@type\":\"BreadcrumbList\",\"@id\":\"https:\\\/\\\/canossa.net\\\/hu\\\/tortenet\\\/#breadcrumb\",\"itemListElement\":[{\"@type\":\"ListItem\",\"position\":1,\"name\":\"Home\",\"item\":\"https:\\\/\\\/canossa.net\\\/hu\\\/\"},{\"@type\":\"ListItem\",\"position\":2,\"name\":\"T\u00f6rt\u00e9net\"}]},{\"@type\":\"WebSite\",\"@id\":\"https:\\\/\\\/canossa.net\\\/hu\\\/#website\",\"url\":\"https:\\\/\\\/canossa.net\\\/hu\\\/\",\"name\":\"Canossa | HU\",\"description\":\"Superhuman struggle for a humane life\",\"publisher\":{\"@id\":\"https:\\\/\\\/canossa.net\\\/hu\\\/#organization\"},\"potentialAction\":[{\"@type\":\"SearchAction\",\"target\":{\"@type\":\"EntryPoint\",\"urlTemplate\":\"https:\\\/\\\/canossa.net\\\/hu\\\/?s={search_term_string}\"},\"query-input\":{\"@type\":\"PropertyValueSpecification\",\"valueRequired\":true,\"valueName\":\"search_term_string\"}}],\"inLanguage\":\"hu\"},{\"@type\":\"Organization\",\"@id\":\"https:\\\/\\\/canossa.net\\\/hu\\\/#organization\",\"name\":\"Canossa | HU\",\"url\":\"https:\\\/\\\/canossa.net\\\/hu\\\/\",\"logo\":{\"@type\":\"ImageObject\",\"inLanguage\":\"hu\",\"@id\":\"https:\\\/\\\/canossa.net\\\/hu\\\/#\\\/schema\\\/logo\\\/image\\\/\",\"url\":\"https:\\\/\\\/canossa.net\\\/hu\\\/wp-content\\\/uploads\\\/sites\\\/3\\\/2018\\\/04\\\/cropped-logo-v2.png\",\"contentUrl\":\"https:\\\/\\\/canossa.net\\\/hu\\\/wp-content\\\/uploads\\\/sites\\\/3\\\/2018\\\/04\\\/cropped-logo-v2.png\",\"width\":546,\"height\":110,\"caption\":\"Canossa | HU\"},\"image\":{\"@id\":\"https:\\\/\\\/canossa.net\\\/hu\\\/#\\\/schema\\\/logo\\\/image\\\/\"}}]}<\/script>\n<!-- \/ Yoast SEO plugin. -->","yoast_head_json":{"title":"T\u00f6rt\u00e9net - Canossa | HU","robots":{"index":"index","follow":"follow","max-snippet":"max-snippet:-1","max-image-preview":"max-image-preview:large","max-video-preview":"max-video-preview:-1"},"canonical":"https:\/\/canossa.net\/hu\/tortenet\/","og_locale":"hu_HU","og_type":"article","og_title":"T\u00f6rt\u00e9net - Canossa | HU","og_description":"Megrend\u00edt\u0151, fordulatokban gazdag fejl\u0151d\u00e9st\u00f6rt\u00e9net. Az onkol\u00f3gusom, az onkopszichol\u00f3gusom, valamint blogom 16 000 olvas\u00f3ja egyet\u00e9rtett abban, hogy a Canossa k\u00f6nyv \u00e9s zenem\u0171 ment\u00e1lhigi\u00e9n\u00e9s c\u00e9lb\u00f3l hasznos\u00edthat\u00f3, b\u00e1rki sz\u00e1m\u00e1ra tanuls\u00e1gos. Mindez igaz az \u00edrott \u00e9s zenei form\u00e1ban egyar\u00e1nt megelevened\u0151 Canossa hist\u00f3ri\u00e1ra. A szem\u00e9lyes dr\u00e1m\u00e1n kereszt\u00fcl egy\u00e9ni aspektusb\u00f3l megismerhetj\u00fck a kora '70-es \u00e9vekt\u0151l eltelt \u00f6tven \u00e9v magyar val\u00f3s\u00e1g\u00e1t is. [&hellip;]","og_url":"https:\/\/canossa.net\/hu\/tortenet\/","og_site_name":"Canossa | HU","article_modified_time":"2019-05-28T19:37:28+00:00","og_image":[{"url":"https:\/\/canossa.net\/wp-content\/uploads\/2018\/09\/DSC1328_bs-236x300.jpg","type":"","width":"","height":""}],"twitter_card":"summary_large_image","twitter_misc":{"Becs\u00fclt olvas\u00e1si id\u0151":"8 perc"},"schema":{"@context":"https:\/\/schema.org","@graph":[{"@type":"WebPage","@id":"https:\/\/canossa.net\/hu\/tortenet\/","url":"https:\/\/canossa.net\/hu\/tortenet\/","name":"T\u00f6rt\u00e9net - Canossa | HU","isPartOf":{"@id":"https:\/\/canossa.net\/hu\/#website"},"primaryImageOfPage":{"@id":"https:\/\/canossa.net\/hu\/tortenet\/#primaryimage"},"image":{"@id":"https:\/\/canossa.net\/hu\/tortenet\/#primaryimage"},"thumbnailUrl":"https:\/\/canossa.net\/wp-content\/uploads\/2018\/09\/DSC1328_bs-236x300.jpg","datePublished":"2018-02-27T11:55:51+00:00","dateModified":"2019-05-28T19:37:28+00:00","breadcrumb":{"@id":"https:\/\/canossa.net\/hu\/tortenet\/#breadcrumb"},"inLanguage":"hu","potentialAction":[{"@type":"ReadAction","target":["https:\/\/canossa.net\/hu\/tortenet\/"]}]},{"@type":"ImageObject","inLanguage":"hu","@id":"https:\/\/canossa.net\/hu\/tortenet\/#primaryimage","url":"https:\/\/canossa.net\/wp-content\/uploads\/2018\/09\/DSC1328_bs-236x300.jpg","contentUrl":"https:\/\/canossa.net\/wp-content\/uploads\/2018\/09\/DSC1328_bs-236x300.jpg"},{"@type":"BreadcrumbList","@id":"https:\/\/canossa.net\/hu\/tortenet\/#breadcrumb","itemListElement":[{"@type":"ListItem","position":1,"name":"Home","item":"https:\/\/canossa.net\/hu\/"},{"@type":"ListItem","position":2,"name":"T\u00f6rt\u00e9net"}]},{"@type":"WebSite","@id":"https:\/\/canossa.net\/hu\/#website","url":"https:\/\/canossa.net\/hu\/","name":"Canossa | HU","description":"Superhuman struggle for a humane life","publisher":{"@id":"https:\/\/canossa.net\/hu\/#organization"},"potentialAction":[{"@type":"SearchAction","target":{"@type":"EntryPoint","urlTemplate":"https:\/\/canossa.net\/hu\/?s={search_term_string}"},"query-input":{"@type":"PropertyValueSpecification","valueRequired":true,"valueName":"search_term_string"}}],"inLanguage":"hu"},{"@type":"Organization","@id":"https:\/\/canossa.net\/hu\/#organization","name":"Canossa | HU","url":"https:\/\/canossa.net\/hu\/","logo":{"@type":"ImageObject","inLanguage":"hu","@id":"https:\/\/canossa.net\/hu\/#\/schema\/logo\/image\/","url":"https:\/\/canossa.net\/hu\/wp-content\/uploads\/sites\/3\/2018\/04\/cropped-logo-v2.png","contentUrl":"https:\/\/canossa.net\/hu\/wp-content\/uploads\/sites\/3\/2018\/04\/cropped-logo-v2.png","width":546,"height":110,"caption":"Canossa | HU"},"image":{"@id":"https:\/\/canossa.net\/hu\/#\/schema\/logo\/image\/"}}]}},"_links":{"self":[{"href":"https:\/\/canossa.net\/hu\/wp-json\/wp\/v2\/pages\/3158","targetHints":{"allow":["GET"]}}],"collection":[{"href":"https:\/\/canossa.net\/hu\/wp-json\/wp\/v2\/pages"}],"about":[{"href":"https:\/\/canossa.net\/hu\/wp-json\/wp\/v2\/types\/page"}],"author":[{"embeddable":true,"href":"https:\/\/canossa.net\/hu\/wp-json\/wp\/v2\/users\/1"}],"replies":[{"embeddable":true,"href":"https:\/\/canossa.net\/hu\/wp-json\/wp\/v2\/comments?post=3158"}],"version-history":[{"count":28,"href":"https:\/\/canossa.net\/hu\/wp-json\/wp\/v2\/pages\/3158\/revisions"}],"predecessor-version":[{"id":4810,"href":"https:\/\/canossa.net\/hu\/wp-json\/wp\/v2\/pages\/3158\/revisions\/4810"}],"wp:attachment":[{"href":"https:\/\/canossa.net\/hu\/wp-json\/wp\/v2\/media?parent=3158"}],"curies":[{"name":"wp","href":"https:\/\/api.w.org\/{rel}","templated":true}]}}