{"id":3160,"date":"2018-02-27T11:56:05","date_gmt":"2018-02-27T11:56:05","guid":{"rendered":"http:\/\/canossa.net\/hu\/?page_id=3160"},"modified":"2020-10-07T13:10:57","modified_gmt":"2020-10-07T13:10:57","slug":"misszio","status":"publish","type":"page","link":"https:\/\/canossa.net\/hu\/misszio\/","title":{"rendered":"Misszi\u00f3"},"content":{"rendered":"\n<figure class=\"wp-block-image\"><img loading=\"lazy\" decoding=\"async\" width=\"1920\" height=\"1080\" src=\"https:\/\/canossa.net\/hu\/wp-content\/uploads\/sites\/3\/2018\/08\/naplemente_screenshot0.jpg\" alt=\"\" class=\"wp-image-3313\" srcset=\"https:\/\/canossa.net\/hu\/wp-content\/uploads\/sites\/3\/2018\/08\/naplemente_screenshot0.jpg 1920w, https:\/\/canossa.net\/hu\/wp-content\/uploads\/sites\/3\/2018\/08\/naplemente_screenshot0-300x169.jpg 300w, https:\/\/canossa.net\/hu\/wp-content\/uploads\/sites\/3\/2018\/08\/naplemente_screenshot0-768x432.jpg 768w, https:\/\/canossa.net\/hu\/wp-content\/uploads\/sites\/3\/2018\/08\/naplemente_screenshot0-1024x576.jpg 1024w, https:\/\/canossa.net\/hu\/wp-content\/uploads\/sites\/3\/2018\/08\/naplemente_screenshot0-324x182.jpg 324w, https:\/\/canossa.net\/hu\/wp-content\/uploads\/sites\/3\/2018\/08\/naplemente_screenshot0-416x234.jpg 416w\" sizes=\"auto, (max-width: 1920px) 100vw, 1920px\" \/><\/figure>\n\n\n<h2>\u00a0<\/h2>\n<p><strong>A WHO statisztik\u00e1i szerint <\/strong><a href=\"http:\/\/www.who.int\/news-room\/fact-sheets\/detail\/cancer\">http:\/\/www.who.int\/news-room\/fact-sheets\/detail\/cancer<\/a><strong> modern t\u00e1rsadalmunkban a r\u00e1kos megbeteged\u00e9sek gyakoris\u00e1ga t\u00f6bb mint dupl\u00e1ja a vil\u00e1g\u00e1tlagnak. Az \u00e9rintettek sz\u00e1m\u00e1ra rendk\u00edv\u00fcl fontos, hogy m\u00e1r a diagn\u00f3zissal szembes\u00fclve, majd az azt k\u00f6vet\u0151 klinikai kezel\u00e9sek sor\u00e1n ment\u00e1lis \u00e9s pszichikai felk\u00e9sz\u00fcl\u00e9ssel egyar\u00e1nt el\u0151seg\u00edts\u00e9k saj\u00e1t gy\u00f3gyul\u00e1sukat. <\/strong><\/p>\n<h3>A <strong>Canossa Misszi\u00f3 <\/strong>c\u00e9lja, hogy ehhez ment\u00e1lhigi\u00e9n\u00e9s t\u00e1mogat\u00e1st ny\u00fajtson.<\/h3>\n<p>A Misszi\u00f3 n\u00e9vad\u00f3ja, <strong>Canossa r\u00e1kt\u00fal\u00e9l\u0151 alkot\u00f3m\u0171v\u00e9sz<\/strong>. Az \u00edr\u00e1st \u00e9s a kompon\u00e1l\u00e1st t\u00f6bb \u00e9vig tart\u00f3 Canossa-j\u00e1r\u00e1s, <strong>145 \u00e9let \u00e9s hal\u00e1l k\u00f6z\u00f6tt t\u00f6lt\u00f6tt k\u00f3rh\u00e1zi nap<\/strong> el\u0151zte meg. Onkopszichol\u00f3gusa tiszt\u00e1ban volt azzal, hogy a r\u00e1k legy\u0151z\u00e9se ut\u00e1n p\u00e1ciens\u00e9nek tov\u00e1bbi traum\u00e1kkal kell szemben\u00e9znie, ez\u00e9rt ter\u00e1pi\u00e1s c\u00e9l\u00fa \u00edr\u00e1st javasolt. Canossa alkot\u00e1s k\u00f6zben ismerte fel, hogy a sz\u00fclet\u0151ben l\u00e9v\u0151 zenei \u2013 \u00e9s \u00edr\u00e1sm\u0171 nem csup\u00e1n a saj\u00e1t, de m\u00e1sok ment\u00e1lis \u00e1llapotjavul\u00e1s\u00e1t is el\u0151seg\u00edtheti.<\/p>\n<p>Ez\u00e9rt h\u00edvta \u00e9letre a Canossa Misszi\u00f3t. L\u00e9trej\u00f6tt a steriliz\u00e1lhat\u00f3 rozsdamentes ac\u00e9l USB 3.0 pendrive-on terjeszthet\u0151 <strong>Canossa Ter\u00e1pi\u00e1s Csomag<\/strong>. Az ehhez kapcsol\u00f3d\u00f3 prom\u00f3ci\u00f3s vide\u00f3k, social media fel\u00fcletek, valamint a Canossa Misszi\u00f3 honlapja bar\u00e1tok \u00e9s ismer\u0151s\u00f6k \u00f6nk\u00e9ntes munk\u00e1j\u00e1val k\u00e9sz\u00fcltek.<\/p>\n<blockquote>\n<h2><span style=\"color: #e6662f\"><strong>A Canossa Misszi\u00f3ban k\u00f6zrem\u0171k\u00f6d\u0151k mindegyike nyer a r\u00e9szv\u00e9tellel:<\/strong><\/span><\/h2>\n<\/blockquote>\n<ul>\n<li><strong>A v\u00e1s\u00e1rl\u00f3k a megrendelt kiadv\u00e1nyokkal, csomagokkal katartikus m\u0171vek \u2013 k\u00f6nyv \u00e9s zenei anyag \u2013 birtokosaiv\u00e1 v\u00e1lnak, egy\u00fattal a v\u00e9tel\u00e1r 10 % -val tev\u0151legesen hozz\u00e1j\u00e1rulnak egy t\u00e1rsadalmi fontoss\u00e1g\u00fa, t\u00f6megeket \u00e9rint\u0151 eg\u00e9szs\u00e9g\u00fcgyi probl\u00e9ma megold\u00e1s\u00e1hoz;<\/strong><\/li>\n<li><strong>A kr\u00edzishelyzetben l\u00e9v\u0151k \u00e9s hozz\u00e1tartoz\u00f3ik ingyenes seg\u00edts\u00e9get kapnak annak hat\u00e9kony kezel\u00e9s\u00e9hez, ezzel k\u00f6zvetve el\u0151seg\u00edtve a gy\u00f3gyul\u00e1st;<\/strong><\/li>\n<li><strong>A Canossa Team a bev\u00e9telekb\u0151l l\u00e9trehozza a k\u00f6nyv \u00fajabb nyelvi verzi\u00f3it, multim\u00e9di\u00e1s applik\u00e1ci\u00f3it, tov\u00e1bb\u00e1 \u2013 szimfonikus zenekar \u00e9s k\u00f3rus bevon\u00e1s\u00e1val \u2013 sz\u00ednpadra \u00e1ll\u00edtja a megrend\u00edt\u0151 \u00e9s felemel\u0151 zenem\u0171vet.<\/strong><\/li>\n<\/ul>\n<blockquote>\n<p><em>\u201eJ\u00f3 az, adni, ha k\u00e9rnek, de jobb adni k\u00e9retlen\u00fcl, adni meg\u00e9rt\u00e9sb\u0151l.<\/em>\u201d<\/p>\n<p><strong><em>Kahlil Gibran<\/em><\/strong><\/p>\n<\/blockquote>\n<div>\u00a0<\/div>\n<div>A k\u00f6nyv \u00e9s a zenei anyag fizikai &#8211; \u00e9s digit\u00e1lis verzi\u00f3t tartalmaz\u00f3 csomagjainkat 2020 tavasz\u00e1n indul\u00f3 biztons\u00e1gos fizet\u00e9st k\u00edn\u00e1l\u00f3 webshopunkban tessz\u00fck el\u00e9rhet\u0151v\u00e9. <strong>V\u00e1s\u00e1rl\u00e1soddal egyidej\u0171leg t\u00e1mogat\u00f3j\u00e1v\u00e1 v\u00e1lsz ekkor indul\u00f3 Canossa Ter\u00e1pi\u00e1s Csomag Misszi\u00f3nknak.<\/strong>\u00a0<\/div>\n<div>\u00a0<\/div>\n<div>A zene \u00e9s a sz\u00f6veg, mint Ariadn\u00e9 fonala, hitem szerint sz\u00e1zezrek \u00e9let\u00e9ben hozhat kedvez\u0151 fordulatot. Meggy\u0151z\u0151d\u00e9sem, el sem jutok a m\u00e9lypontig, ha m\u00e9g betegs\u00e9gem elhatalmasod\u00e1s\u00e1t megel\u0151z\u0151en hozz\u00e1f\u00e9rhetek egy ehhez hasonl\u00f3 tematik\u00e1j\u00f3 kiadv\u00e1nyhoz.<\/div>\n<div>\u00a0<\/div>\n<blockquote>\n<h2><span style=\"color: #e6662f\"><strong>T\u00e1mogasd misszi\u00f3nkat! Seg\u00edts, hogy ez a Ter\u00e1pi\u00e1s Csomag eljusson mindenkihez, aki s\u00falyos beteg, kr\u00edzishelyzetben van, vagy rem\u00e9nytelennek l\u00e1tja az \u00e9let\u00e9t!<\/strong><\/span><\/h2>\n<\/blockquote>","protected":false},"excerpt":{"rendered":"<p>\u00a0 A WHO statisztik\u00e1i szerint http:\/\/www.who.int\/news-room\/fact-sheets\/detail\/cancer modern t\u00e1rsadalmunkban a r\u00e1kos megbeteged\u00e9sek gyakoris\u00e1ga t\u00f6bb mint dupl\u00e1ja a vil\u00e1g\u00e1tlagnak. Az \u00e9rintettek sz\u00e1m\u00e1ra rendk\u00edv\u00fcl fontos, hogy m\u00e1r a diagn\u00f3zissal szembes\u00fclve, majd az azt k\u00f6vet\u0151 klinikai kezel\u00e9sek sor\u00e1n ment\u00e1lis \u00e9s pszichikai felk\u00e9sz\u00fcl\u00e9ssel egyar\u00e1nt el\u0151seg\u00edts\u00e9k saj\u00e1t gy\u00f3gyul\u00e1sukat. A Canossa Misszi\u00f3 c\u00e9lja, hogy ehhez ment\u00e1lhigi\u00e9n\u00e9s t\u00e1mogat\u00e1st ny\u00fajtson. A Misszi\u00f3 n\u00e9vad\u00f3ja, Canossa [&hellip;]<\/p>\n","protected":false},"author":1,"featured_media":0,"parent":0,"menu_order":0,"comment_status":"closed","ping_status":"closed","template":"","meta":{"_acf_changed":false,"_exactmetrics_skip_tracking":false,"_exactmetrics_sitenote_active":false,"_exactmetrics_sitenote_note":"","_exactmetrics_sitenote_category":0,"footnotes":""},"class_list":["post-3160","page","type-page","status-publish","hentry"],"acf":[],"yoast_head":"<!-- This site is optimized with the Yoast SEO plugin v27.4 - https:\/\/yoast.com\/product\/yoast-seo-wordpress\/ -->\n<title>Misszi\u00f3 - Canossa | HU<\/title>\n<meta name=\"robots\" content=\"index, follow, max-snippet:-1, max-image-preview:large, max-video-preview:-1\" \/>\n<link rel=\"canonical\" href=\"https:\/\/canossa.net\/hu\/misszio\/\" \/>\n<meta property=\"og:locale\" content=\"hu_HU\" \/>\n<meta property=\"og:type\" content=\"article\" \/>\n<meta property=\"og:title\" content=\"Misszi\u00f3 - Canossa | HU\" \/>\n<meta property=\"og:description\" content=\"\u00a0 A WHO statisztik\u00e1i szerint http:\/\/www.who.int\/news-room\/fact-sheets\/detail\/cancer modern t\u00e1rsadalmunkban a r\u00e1kos megbeteged\u00e9sek gyakoris\u00e1ga t\u00f6bb mint dupl\u00e1ja a vil\u00e1g\u00e1tlagnak. Az \u00e9rintettek sz\u00e1m\u00e1ra rendk\u00edv\u00fcl fontos, hogy m\u00e1r a diagn\u00f3zissal szembes\u00fclve, majd az azt k\u00f6vet\u0151 klinikai kezel\u00e9sek sor\u00e1n ment\u00e1lis \u00e9s pszichikai felk\u00e9sz\u00fcl\u00e9ssel egyar\u00e1nt el\u0151seg\u00edts\u00e9k saj\u00e1t gy\u00f3gyul\u00e1sukat. A Canossa Misszi\u00f3 c\u00e9lja, hogy ehhez ment\u00e1lhigi\u00e9n\u00e9s t\u00e1mogat\u00e1st ny\u00fajtson. A Misszi\u00f3 n\u00e9vad\u00f3ja, Canossa [&hellip;]\" \/>\n<meta property=\"og:url\" content=\"https:\/\/canossa.net\/hu\/misszio\/\" \/>\n<meta property=\"og:site_name\" content=\"Canossa | HU\" \/>\n<meta property=\"article:modified_time\" content=\"2020-10-07T13:10:57+00:00\" \/>\n<meta property=\"og:image\" content=\"https:\/\/canossa.net\/hu\/wp-content\/uploads\/sites\/3\/2018\/08\/naplemente_screenshot0.jpg\" \/>\n<meta name=\"twitter:card\" content=\"summary_large_image\" \/>\n<meta name=\"twitter:label1\" content=\"Becs\u00fclt olvas\u00e1si id\u0151\" \/>\n\t<meta name=\"twitter:data1\" content=\"3 perc\" \/>\n<script type=\"application\/ld+json\" class=\"yoast-schema-graph\">{\"@context\":\"https:\\\/\\\/schema.org\",\"@graph\":[{\"@type\":\"WebPage\",\"@id\":\"https:\\\/\\\/canossa.net\\\/hu\\\/misszio\\\/\",\"url\":\"https:\\\/\\\/canossa.net\\\/hu\\\/misszio\\\/\",\"name\":\"Misszi\u00f3 - Canossa | HU\",\"isPartOf\":{\"@id\":\"https:\\\/\\\/canossa.net\\\/hu\\\/#website\"},\"primaryImageOfPage\":{\"@id\":\"https:\\\/\\\/canossa.net\\\/hu\\\/misszio\\\/#primaryimage\"},\"image\":{\"@id\":\"https:\\\/\\\/canossa.net\\\/hu\\\/misszio\\\/#primaryimage\"},\"thumbnailUrl\":\"https:\\\/\\\/canossa.net\\\/hu\\\/wp-content\\\/uploads\\\/sites\\\/3\\\/2018\\\/08\\\/naplemente_screenshot0.jpg\",\"datePublished\":\"2018-02-27T11:56:05+00:00\",\"dateModified\":\"2020-10-07T13:10:57+00:00\",\"breadcrumb\":{\"@id\":\"https:\\\/\\\/canossa.net\\\/hu\\\/misszio\\\/#breadcrumb\"},\"inLanguage\":\"hu\",\"potentialAction\":[{\"@type\":\"ReadAction\",\"target\":[\"https:\\\/\\\/canossa.net\\\/hu\\\/misszio\\\/\"]}]},{\"@type\":\"ImageObject\",\"inLanguage\":\"hu\",\"@id\":\"https:\\\/\\\/canossa.net\\\/hu\\\/misszio\\\/#primaryimage\",\"url\":\"https:\\\/\\\/canossa.net\\\/hu\\\/wp-content\\\/uploads\\\/sites\\\/3\\\/2018\\\/08\\\/naplemente_screenshot0.jpg\",\"contentUrl\":\"https:\\\/\\\/canossa.net\\\/hu\\\/wp-content\\\/uploads\\\/sites\\\/3\\\/2018\\\/08\\\/naplemente_screenshot0.jpg\"},{\"@type\":\"BreadcrumbList\",\"@id\":\"https:\\\/\\\/canossa.net\\\/hu\\\/misszio\\\/#breadcrumb\",\"itemListElement\":[{\"@type\":\"ListItem\",\"position\":1,\"name\":\"Home\",\"item\":\"https:\\\/\\\/canossa.net\\\/hu\\\/\"},{\"@type\":\"ListItem\",\"position\":2,\"name\":\"Misszi\u00f3\"}]},{\"@type\":\"WebSite\",\"@id\":\"https:\\\/\\\/canossa.net\\\/hu\\\/#website\",\"url\":\"https:\\\/\\\/canossa.net\\\/hu\\\/\",\"name\":\"Canossa | HU\",\"description\":\"Superhuman struggle for a humane life\",\"publisher\":{\"@id\":\"https:\\\/\\\/canossa.net\\\/hu\\\/#organization\"},\"potentialAction\":[{\"@type\":\"SearchAction\",\"target\":{\"@type\":\"EntryPoint\",\"urlTemplate\":\"https:\\\/\\\/canossa.net\\\/hu\\\/?s={search_term_string}\"},\"query-input\":{\"@type\":\"PropertyValueSpecification\",\"valueRequired\":true,\"valueName\":\"search_term_string\"}}],\"inLanguage\":\"hu\"},{\"@type\":\"Organization\",\"@id\":\"https:\\\/\\\/canossa.net\\\/hu\\\/#organization\",\"name\":\"Canossa | HU\",\"url\":\"https:\\\/\\\/canossa.net\\\/hu\\\/\",\"logo\":{\"@type\":\"ImageObject\",\"inLanguage\":\"hu\",\"@id\":\"https:\\\/\\\/canossa.net\\\/hu\\\/#\\\/schema\\\/logo\\\/image\\\/\",\"url\":\"https:\\\/\\\/canossa.net\\\/hu\\\/wp-content\\\/uploads\\\/sites\\\/3\\\/2018\\\/04\\\/cropped-logo-v2.png\",\"contentUrl\":\"https:\\\/\\\/canossa.net\\\/hu\\\/wp-content\\\/uploads\\\/sites\\\/3\\\/2018\\\/04\\\/cropped-logo-v2.png\",\"width\":546,\"height\":110,\"caption\":\"Canossa | HU\"},\"image\":{\"@id\":\"https:\\\/\\\/canossa.net\\\/hu\\\/#\\\/schema\\\/logo\\\/image\\\/\"}}]}<\/script>\n<!-- \/ Yoast SEO plugin. -->","yoast_head_json":{"title":"Misszi\u00f3 - Canossa | HU","robots":{"index":"index","follow":"follow","max-snippet":"max-snippet:-1","max-image-preview":"max-image-preview:large","max-video-preview":"max-video-preview:-1"},"canonical":"https:\/\/canossa.net\/hu\/misszio\/","og_locale":"hu_HU","og_type":"article","og_title":"Misszi\u00f3 - Canossa | HU","og_description":"\u00a0 A WHO statisztik\u00e1i szerint http:\/\/www.who.int\/news-room\/fact-sheets\/detail\/cancer modern t\u00e1rsadalmunkban a r\u00e1kos megbeteged\u00e9sek gyakoris\u00e1ga t\u00f6bb mint dupl\u00e1ja a vil\u00e1g\u00e1tlagnak. Az \u00e9rintettek sz\u00e1m\u00e1ra rendk\u00edv\u00fcl fontos, hogy m\u00e1r a diagn\u00f3zissal szembes\u00fclve, majd az azt k\u00f6vet\u0151 klinikai kezel\u00e9sek sor\u00e1n ment\u00e1lis \u00e9s pszichikai felk\u00e9sz\u00fcl\u00e9ssel egyar\u00e1nt el\u0151seg\u00edts\u00e9k saj\u00e1t gy\u00f3gyul\u00e1sukat. A Canossa Misszi\u00f3 c\u00e9lja, hogy ehhez ment\u00e1lhigi\u00e9n\u00e9s t\u00e1mogat\u00e1st ny\u00fajtson. A Misszi\u00f3 n\u00e9vad\u00f3ja, Canossa [&hellip;]","og_url":"https:\/\/canossa.net\/hu\/misszio\/","og_site_name":"Canossa | HU","article_modified_time":"2020-10-07T13:10:57+00:00","og_image":[{"url":"https:\/\/canossa.net\/hu\/wp-content\/uploads\/sites\/3\/2018\/08\/naplemente_screenshot0.jpg","type":"","width":"","height":""}],"twitter_card":"summary_large_image","twitter_misc":{"Becs\u00fclt olvas\u00e1si id\u0151":"3 perc"},"schema":{"@context":"https:\/\/schema.org","@graph":[{"@type":"WebPage","@id":"https:\/\/canossa.net\/hu\/misszio\/","url":"https:\/\/canossa.net\/hu\/misszio\/","name":"Misszi\u00f3 - Canossa | HU","isPartOf":{"@id":"https:\/\/canossa.net\/hu\/#website"},"primaryImageOfPage":{"@id":"https:\/\/canossa.net\/hu\/misszio\/#primaryimage"},"image":{"@id":"https:\/\/canossa.net\/hu\/misszio\/#primaryimage"},"thumbnailUrl":"https:\/\/canossa.net\/hu\/wp-content\/uploads\/sites\/3\/2018\/08\/naplemente_screenshot0.jpg","datePublished":"2018-02-27T11:56:05+00:00","dateModified":"2020-10-07T13:10:57+00:00","breadcrumb":{"@id":"https:\/\/canossa.net\/hu\/misszio\/#breadcrumb"},"inLanguage":"hu","potentialAction":[{"@type":"ReadAction","target":["https:\/\/canossa.net\/hu\/misszio\/"]}]},{"@type":"ImageObject","inLanguage":"hu","@id":"https:\/\/canossa.net\/hu\/misszio\/#primaryimage","url":"https:\/\/canossa.net\/hu\/wp-content\/uploads\/sites\/3\/2018\/08\/naplemente_screenshot0.jpg","contentUrl":"https:\/\/canossa.net\/hu\/wp-content\/uploads\/sites\/3\/2018\/08\/naplemente_screenshot0.jpg"},{"@type":"BreadcrumbList","@id":"https:\/\/canossa.net\/hu\/misszio\/#breadcrumb","itemListElement":[{"@type":"ListItem","position":1,"name":"Home","item":"https:\/\/canossa.net\/hu\/"},{"@type":"ListItem","position":2,"name":"Misszi\u00f3"}]},{"@type":"WebSite","@id":"https:\/\/canossa.net\/hu\/#website","url":"https:\/\/canossa.net\/hu\/","name":"Canossa | HU","description":"Superhuman struggle for a humane life","publisher":{"@id":"https:\/\/canossa.net\/hu\/#organization"},"potentialAction":[{"@type":"SearchAction","target":{"@type":"EntryPoint","urlTemplate":"https:\/\/canossa.net\/hu\/?s={search_term_string}"},"query-input":{"@type":"PropertyValueSpecification","valueRequired":true,"valueName":"search_term_string"}}],"inLanguage":"hu"},{"@type":"Organization","@id":"https:\/\/canossa.net\/hu\/#organization","name":"Canossa | HU","url":"https:\/\/canossa.net\/hu\/","logo":{"@type":"ImageObject","inLanguage":"hu","@id":"https:\/\/canossa.net\/hu\/#\/schema\/logo\/image\/","url":"https:\/\/canossa.net\/hu\/wp-content\/uploads\/sites\/3\/2018\/04\/cropped-logo-v2.png","contentUrl":"https:\/\/canossa.net\/hu\/wp-content\/uploads\/sites\/3\/2018\/04\/cropped-logo-v2.png","width":546,"height":110,"caption":"Canossa | HU"},"image":{"@id":"https:\/\/canossa.net\/hu\/#\/schema\/logo\/image\/"}}]}},"_links":{"self":[{"href":"https:\/\/canossa.net\/hu\/wp-json\/wp\/v2\/pages\/3160","targetHints":{"allow":["GET"]}}],"collection":[{"href":"https:\/\/canossa.net\/hu\/wp-json\/wp\/v2\/pages"}],"about":[{"href":"https:\/\/canossa.net\/hu\/wp-json\/wp\/v2\/types\/page"}],"author":[{"embeddable":true,"href":"https:\/\/canossa.net\/hu\/wp-json\/wp\/v2\/users\/1"}],"replies":[{"embeddable":true,"href":"https:\/\/canossa.net\/hu\/wp-json\/wp\/v2\/comments?post=3160"}],"version-history":[{"count":22,"href":"https:\/\/canossa.net\/hu\/wp-json\/wp\/v2\/pages\/3160\/revisions"}],"predecessor-version":[{"id":4807,"href":"https:\/\/canossa.net\/hu\/wp-json\/wp\/v2\/pages\/3160\/revisions\/4807"}],"wp:attachment":[{"href":"https:\/\/canossa.net\/hu\/wp-json\/wp\/v2\/media?parent=3160"}],"curies":[{"name":"wp","href":"https:\/\/api.w.org\/{rel}","templated":true}]}}