{"id":3162,"date":"2018-02-27T11:56:23","date_gmt":"2018-02-27T11:56:23","guid":{"rendered":"http:\/\/canossa.net\/hu\/?page_id=3162"},"modified":"2025-03-21T12:23:55","modified_gmt":"2025-03-21T12:23:55","slug":"tartalom","status":"publish","type":"page","link":"https:\/\/canossa.net\/hu\/tartalom\/","title":{"rendered":"Tartalom"},"content":{"rendered":"\n<figure class=\"wp-block-image\"><img loading=\"lazy\" decoding=\"async\" width=\"1500\" height=\"500\" src=\"http:\/\/canossa.net\/hu\/wp-content\/uploads\/sites\/3\/2018\/02\/canossa-twitter-header.jpg\" alt=\"\" class=\"wp-image-3426\" srcset=\"https:\/\/canossa.net\/hu\/wp-content\/uploads\/sites\/3\/2018\/02\/canossa-twitter-header.jpg 1500w, https:\/\/canossa.net\/hu\/wp-content\/uploads\/sites\/3\/2018\/02\/canossa-twitter-header-300x100.jpg 300w, https:\/\/canossa.net\/hu\/wp-content\/uploads\/sites\/3\/2018\/02\/canossa-twitter-header-768x256.jpg 768w, https:\/\/canossa.net\/hu\/wp-content\/uploads\/sites\/3\/2018\/02\/canossa-twitter-header-1024x341.jpg 1024w\" sizes=\"auto, (max-width: 1500px) 100vw, 1500px\" \/><\/figure>\n\n\n\n<p lang=\"hu-HU\" align=\"CENTER\"><span style=\"color: #000000;\"><span style=\"font-family: Arial, sans-serif;\"><span style=\"font-size: small;\"><b>emberfeletti k\u00fczdelem egy emberhez m\u00e9lt\u00f3 \u00e9let\u00e9rt<\/b><\/span><\/span><\/span><\/p>\n<p align=\"LEFT\"><span style=\"font-family: Arial, sans-serif;\"><span style=\"font-size: medium;\"><span lang=\"en-US\"><b>Prol\u00f3gus<\/b><\/span><\/span><\/span> <span style=\"font-family: Arial, sans-serif;\"><span style=\"font-size: small;\"><span lang=\"en-US\">02:41<br \/><\/span><\/span><\/span><span style=\"font-family: Arial, sans-serif;\"><span style=\"font-size: medium;\"><span lang=\"en-US\"><b>1. L\u00e9lek \u00e9rkezik<\/b><\/span><\/span><\/span> <span style=\"font-family: Arial, sans-serif;\"><span style=\"font-size: small;\"><span lang=\"en-US\">04:24<br \/><\/span><\/span><\/span><span style=\"font-family: Arial, sans-serif;\"><span style=\"font-size: medium;\"><span lang=\"en-US\"><b>2. Fogantat\u00e1s ut\u00e1n<\/b><\/span><\/span><\/span> <span style=\"font-family: Arial, sans-serif;\"><span style=\"font-size: small;\"><span lang=\"en-US\">06:03<br \/><\/span><\/span><\/span><span style=\"font-family: Arial, sans-serif;\"><span style=\"font-size: medium;\"><span lang=\"en-US\"><b>3. \u00datkeres\u00e9s<\/b><\/span><\/span><\/span> <span style=\"font-family: Arial, sans-serif;\"><span style=\"font-size: small;\"><span lang=\"en-US\">04:50<br \/><\/span><\/span><\/span><span style=\"font-family: Arial, sans-serif;\"><span style=\"font-size: medium;\"><span lang=\"en-US\"><b>4. H\u00fcbrisz<\/b><\/span><\/span><\/span> <span style=\"font-family: Arial, sans-serif;\"><span style=\"font-size: small;\"><span lang=\"en-US\">07:16<br \/><\/span><\/span><\/span><span style=\"font-family: Arial, sans-serif;\"><span style=\"font-size: medium;\"><span lang=\"en-US\"><b>5 &#8211; 6. Catabasis &#8211; Bardo<\/b><\/span><\/span><\/span> <span style=\"font-family: Arial, sans-serif;\"><span style=\"font-size: small;\"><span lang=\"en-US\">15:25<br \/><\/span><\/span><\/span><span style=\"font-family: Arial, sans-serif;\"><span style=\"font-size: medium;\"><span lang=\"en-US\"><b>7. Euf\u00f3ria 40.<\/b><\/span><\/span><\/span> <span style=\"font-family: Arial, sans-serif;\"><span style=\"font-size: small;\"><span lang=\"en-US\">06:47<br \/><\/span><\/span><\/span><span style=\"font-family: Arial, sans-serif;\"><span style=\"font-size: medium;\"><span lang=\"en-US\"><b>8. Idilli gyermekkor<\/b><\/span><\/span><\/span> <span style=\"font-family: Arial, sans-serif;\"><span style=\"font-size: small;\"><span lang=\"en-US\">05:24<br \/><\/span><\/span><\/span><span style=\"font-family: Arial, sans-serif;\"><span style=\"font-size: medium;\"><span lang=\"en-US\"><b>9. Vertikalit\u00e1s \u2013 a V\u00e1lt\u00e1s<\/b><\/span><\/span><\/span> <span style=\"font-family: Arial, sans-serif;\"><span style=\"font-size: small;\"><span lang=\"en-US\">08:20<br \/><\/span><\/span><\/span><span style=\"font-family: Arial, sans-serif;\"><span style=\"font-size: medium;\"><span lang=\"en-US\"><b>10. A Szeretet Tere \u2013 Konkl\u00fazi\u00f3<\/b><\/span><\/span><\/span> <span style=\"font-family: Arial, sans-serif;\"><span style=\"font-size: small;\"><span lang=\"en-US\">06:36<\/span><\/span><\/span><\/p>\n<p align=\"LEFT\"><span style=\"color: #000000;\"><span style=\"font-family: Arial, sans-serif;\"><span style=\"font-size: small;\"><span lang=\"en-US\">Teljes j\u00e1t\u00e9kid\u0151: 67:46<\/span><\/span><\/span><\/span><\/p>\n\n\n\n<p>A CAN\u00d8SSA zenem\u0171 l\u00e9trej\u00f6tt\u00e9ben r\u00e9sztvev\u0151 szem\u00e9lyek<\/p>\n\n\n\n<p>Koncepci\u00f3, tematika: Kulcs\u00e1r Attila Ferenc<br>Zen\u00e9j\u00e9t kompon\u00e1lta \u00e9s a verseket \u00edrta: Kulcs\u00e1r Attila Ferenc<\/p>\n\n\n\n<p>Az anyag hangfelv\u00e9telei a budapesti NI St\u00fadi\u00f3ban 2016 tavasza \u00e9s 2017 \u0151sze k\u00f6z\u00f6tt k\u00e9sz\u00fcltek.<br>Hangm\u00e9rn\u00f6k, r\u00f6gz\u00edt\u00e9svezet\u0151: N\u00e9meth Imre<\/p>\n\n\n\n<p>A hanganyag korrekci\u00f3j\u00e1ra a budapesti Sound Garden St\u00fadi\u00f3ban ker\u00fclt sor 2019. tavasza \u00e9s tele k\u00f6z\u00f6tt.<br>Hangm\u00e9rn\u00f6k, r\u00f6gz\u00edt\u00e9svezet\u0151: P\u00e1lfi Bal\u00e1zs<\/p>\n\n\n\n<p>Mastering: Sellyei Tam\u00e1s 2019. december 16.<\/p>\n\n\n\n<p>A Can\u00f8ssa felv\u00e9telein k\u00f6zrem\u0171k\u00f6dtek:<\/p>\n\n\n\n<p>\u00c1lmosd Phaedra: \u201eUdvarias, k\u00f6z\u00e9pkor\u00fa H\u00f6lgy\u201d (Prol\u00f3gus)<br>B\u00e9csi Bence: elektromos git\u00e1rok (3., 4., 5., 7., 9., 10.);<br>Chingele: torok\u00e9nek (7.);<br>Czifra Mikl\u00f3s: akusztikus git\u00e1r (8., 9., 10.)<br>Demeter Gy\u00f6rgy: \u00e9nek, vok\u00e1l, proz\u00f3dia (1. &#8211; 10.);<br>Dud\u00e1s Zsombor: \u00fct\u0151hangszerek (2. &#8211; 10.);<br>Fekete Istv\u00e1n: trombita (1., 3., 9., 10.), harsona (7., 8.);<br>Fukk Attila: basszusgit\u00e1rok (1., 2., 3., 4., 5., 8., 9., 10.) elektromos b\u0151g\u0151 (6., 9.) nagyb\u0151g\u0151 (1., 3., 5., 6., 8.);<br>Garda Zsuzsa: \u00e9nek vok\u00e1l (1. &#8211; 10.);<br>Jankai Valentin: dobok (2. &#8211; 10.); git\u00e1r (4.)<br>Kulcs\u00e1r Attila Ferenc: zongora (5. &#8211; 6., 8., 9., 10.) szintetiz\u00e1torok (2. &#8211; 10.), csembal\u00f3 (6.), narr\u00e1ci\u00f3, proz\u00f3dia;<\/p>\n\n\n\n<p>K\u00f6zrem\u0171k\u00f6dtek a Pannon Filharmonikusok \u00e9s a Sacro Sanctum vegyes k\u00f3rus.<br>Partit\u00fara: S\u00e1ndor Ferenc<\/p>\n\n\n\n<p>A bor\u00edt\u00f3n l\u00e1that\u00f3 fot\u00f3mont\u00e1zs k\u00e9t \u2013 a term\u00e9szetben egym\u00e1st\u00f3l k\u00f6zel t\u00edzezer kilom\u00e9ter t\u00e1vols\u00e1gra fellelhet\u0151 \u2013 komponens szerkeszt\u00e9se r\u00e9v\u00e9n j\u00f6tt l\u00e9tre:<\/p>\n\n\n\n<ul class=\"wp-block-list\">\n<li>Cracas: A kisz\u00e1radt \u00e9lettelen m\u00e9szv\u00e1z eredetileg egy apr\u00f3 kagyl\u00f3fajta, a cracas lakhelye, melyet S\u00e3o Miguel sziget\u00e9n (Azori-szigetek keleti szigetcsoport, Atlanti-\u00f3ce\u00e1n) tengeri csemegek\u00e9nt \u2013 voltak\u00e9ppen az \u00f3ce\u00e1n esszenci\u00e1jak\u00e9nt \u2013 szerv\u00edroznak \u00e9s fogyasztanak,. A moszatokkal \u00e1tsz\u0151tt cracas telepeket b\u00fav\u00e1rok v\u00e9sik le v\u00edz alatti sziklafalakr\u00f3l, majd frissen sz\u00e1ll\u00edtj\u00e1k n\u00e9h\u00e1ny olyan vend\u00e9gl\u0151 sz\u00e1m\u00e1ra, amely ezt a fog\u00e1st napi aj\u00e1nlatk\u00e9nt k\u00edn\u00e1lja.<\/li>\n\n\n\n<li>Crocus: A K\u00e1rp\u00e1t-medenc\u00e9ben \u0151shonos n\u0151sziromf\u00e9l\u00e9k csal\u00e1dj\u00e1ba tartoz\u00f3 Crocus chrysanthus kora tavasszal vir\u00e1gzik. A telet k\u00f6vet\u0151 \u00faj \u00e9let els\u0151 h\u00edrn\u00f6keinek egyike.<\/li>\n<\/ul>\n\n\n\n<p>Bor\u00edt\u00f3terv: Z\u00f3lyomi Gerti Anna, T\u00f3th &#8211; Avanti P\u00e9ter \/ Bor\u00edt\u00f3 fot\u00f3k: Balogh M\u00e1t\u00e9<\/p>\n\n\n\n<p>\u00a9 Kulcs\u00e1r Attila Ferenc<\/p>\n<p>\u00a0<\/p>\n","protected":false},"excerpt":{"rendered":"<p>emberfeletti k\u00fczdelem egy emberhez m\u00e9lt\u00f3 \u00e9let\u00e9rt Prol\u00f3gus 02:411. L\u00e9lek \u00e9rkezik 04:242. Fogantat\u00e1s ut\u00e1n 06:033. \u00datkeres\u00e9s 04:504. H\u00fcbrisz 07:165 &#8211; 6. Catabasis &#8211; Bardo 15:257. Euf\u00f3ria 40. 06:478. Idilli gyermekkor 05:249. Vertikalit\u00e1s \u2013 a V\u00e1lt\u00e1s 08:2010. A Szeretet Tere \u2013 Konkl\u00fazi\u00f3 06:36 Teljes j\u00e1t\u00e9kid\u0151: 67:46 A CAN\u00d8SSA zenem\u0171 l\u00e9trej\u00f6tt\u00e9ben r\u00e9sztvev\u0151 szem\u00e9lyek Koncepci\u00f3, tematika: Kulcs\u00e1r Attila FerencZen\u00e9j\u00e9t [&hellip;]<\/p>\n","protected":false},"author":1,"featured_media":0,"parent":0,"menu_order":0,"comment_status":"closed","ping_status":"closed","template":"","meta":{"_acf_changed":false,"_exactmetrics_skip_tracking":false,"_exactmetrics_sitenote_active":false,"_exactmetrics_sitenote_note":"","_exactmetrics_sitenote_category":0,"footnotes":""},"class_list":["post-3162","page","type-page","status-publish","hentry"],"acf":[],"yoast_head":"<!-- This site is optimized with the Yoast SEO plugin v27.4 - https:\/\/yoast.com\/product\/yoast-seo-wordpress\/ -->\n<title>Tartalom - Canossa | HU<\/title>\n<meta name=\"robots\" content=\"index, follow, max-snippet:-1, max-image-preview:large, max-video-preview:-1\" \/>\n<link rel=\"canonical\" href=\"https:\/\/canossa.net\/hu\/tartalom\/\" \/>\n<meta property=\"og:locale\" content=\"hu_HU\" \/>\n<meta property=\"og:type\" content=\"article\" \/>\n<meta property=\"og:title\" content=\"Tartalom - Canossa | HU\" \/>\n<meta property=\"og:description\" content=\"emberfeletti k\u00fczdelem egy emberhez m\u00e9lt\u00f3 \u00e9let\u00e9rt Prol\u00f3gus 02:411. L\u00e9lek \u00e9rkezik 04:242. Fogantat\u00e1s ut\u00e1n 06:033. \u00datkeres\u00e9s 04:504. H\u00fcbrisz 07:165 &#8211; 6. Catabasis &#8211; Bardo 15:257. Euf\u00f3ria 40. 06:478. Idilli gyermekkor 05:249. Vertikalit\u00e1s \u2013 a V\u00e1lt\u00e1s 08:2010. A Szeretet Tere \u2013 Konkl\u00fazi\u00f3 06:36 Teljes j\u00e1t\u00e9kid\u0151: 67:46 A CAN\u00d8SSA zenem\u0171 l\u00e9trej\u00f6tt\u00e9ben r\u00e9sztvev\u0151 szem\u00e9lyek Koncepci\u00f3, tematika: Kulcs\u00e1r Attila FerencZen\u00e9j\u00e9t [&hellip;]\" \/>\n<meta property=\"og:url\" content=\"https:\/\/canossa.net\/hu\/tartalom\/\" \/>\n<meta property=\"og:site_name\" content=\"Canossa | HU\" \/>\n<meta property=\"article:modified_time\" content=\"2025-03-21T12:23:55+00:00\" \/>\n<meta property=\"og:image\" content=\"http:\/\/canossa.net\/hu\/wp-content\/uploads\/sites\/3\/2018\/02\/canossa-twitter-header.jpg\" \/>\n<meta name=\"twitter:card\" content=\"summary_large_image\" \/>\n<meta name=\"twitter:label1\" content=\"Becs\u00fclt olvas\u00e1si id\u0151\" \/>\n\t<meta name=\"twitter:data1\" content=\"3 perc\" \/>\n<script type=\"application\/ld+json\" class=\"yoast-schema-graph\">{\"@context\":\"https:\\\/\\\/schema.org\",\"@graph\":[{\"@type\":\"WebPage\",\"@id\":\"https:\\\/\\\/canossa.net\\\/hu\\\/tartalom\\\/\",\"url\":\"https:\\\/\\\/canossa.net\\\/hu\\\/tartalom\\\/\",\"name\":\"Tartalom - Canossa | HU\",\"isPartOf\":{\"@id\":\"https:\\\/\\\/canossa.net\\\/hu\\\/#website\"},\"primaryImageOfPage\":{\"@id\":\"https:\\\/\\\/canossa.net\\\/hu\\\/tartalom\\\/#primaryimage\"},\"image\":{\"@id\":\"https:\\\/\\\/canossa.net\\\/hu\\\/tartalom\\\/#primaryimage\"},\"thumbnailUrl\":\"http:\\\/\\\/canossa.net\\\/hu\\\/wp-content\\\/uploads\\\/sites\\\/3\\\/2018\\\/02\\\/canossa-twitter-header.jpg\",\"datePublished\":\"2018-02-27T11:56:23+00:00\",\"dateModified\":\"2025-03-21T12:23:55+00:00\",\"breadcrumb\":{\"@id\":\"https:\\\/\\\/canossa.net\\\/hu\\\/tartalom\\\/#breadcrumb\"},\"inLanguage\":\"hu\",\"potentialAction\":[{\"@type\":\"ReadAction\",\"target\":[\"https:\\\/\\\/canossa.net\\\/hu\\\/tartalom\\\/\"]}]},{\"@type\":\"ImageObject\",\"inLanguage\":\"hu\",\"@id\":\"https:\\\/\\\/canossa.net\\\/hu\\\/tartalom\\\/#primaryimage\",\"url\":\"https:\\\/\\\/canossa.net\\\/hu\\\/wp-content\\\/uploads\\\/sites\\\/3\\\/2018\\\/02\\\/canossa-twitter-header.jpg\",\"contentUrl\":\"https:\\\/\\\/canossa.net\\\/hu\\\/wp-content\\\/uploads\\\/sites\\\/3\\\/2018\\\/02\\\/canossa-twitter-header.jpg\",\"width\":1500,\"height\":500},{\"@type\":\"BreadcrumbList\",\"@id\":\"https:\\\/\\\/canossa.net\\\/hu\\\/tartalom\\\/#breadcrumb\",\"itemListElement\":[{\"@type\":\"ListItem\",\"position\":1,\"name\":\"Home\",\"item\":\"https:\\\/\\\/canossa.net\\\/hu\\\/\"},{\"@type\":\"ListItem\",\"position\":2,\"name\":\"Tartalom\"}]},{\"@type\":\"WebSite\",\"@id\":\"https:\\\/\\\/canossa.net\\\/hu\\\/#website\",\"url\":\"https:\\\/\\\/canossa.net\\\/hu\\\/\",\"name\":\"Canossa | HU\",\"description\":\"Superhuman struggle for a humane life\",\"publisher\":{\"@id\":\"https:\\\/\\\/canossa.net\\\/hu\\\/#organization\"},\"potentialAction\":[{\"@type\":\"SearchAction\",\"target\":{\"@type\":\"EntryPoint\",\"urlTemplate\":\"https:\\\/\\\/canossa.net\\\/hu\\\/?s={search_term_string}\"},\"query-input\":{\"@type\":\"PropertyValueSpecification\",\"valueRequired\":true,\"valueName\":\"search_term_string\"}}],\"inLanguage\":\"hu\"},{\"@type\":\"Organization\",\"@id\":\"https:\\\/\\\/canossa.net\\\/hu\\\/#organization\",\"name\":\"Canossa | HU\",\"url\":\"https:\\\/\\\/canossa.net\\\/hu\\\/\",\"logo\":{\"@type\":\"ImageObject\",\"inLanguage\":\"hu\",\"@id\":\"https:\\\/\\\/canossa.net\\\/hu\\\/#\\\/schema\\\/logo\\\/image\\\/\",\"url\":\"https:\\\/\\\/canossa.net\\\/hu\\\/wp-content\\\/uploads\\\/sites\\\/3\\\/2018\\\/04\\\/cropped-logo-v2.png\",\"contentUrl\":\"https:\\\/\\\/canossa.net\\\/hu\\\/wp-content\\\/uploads\\\/sites\\\/3\\\/2018\\\/04\\\/cropped-logo-v2.png\",\"width\":546,\"height\":110,\"caption\":\"Canossa | HU\"},\"image\":{\"@id\":\"https:\\\/\\\/canossa.net\\\/hu\\\/#\\\/schema\\\/logo\\\/image\\\/\"}}]}<\/script>\n<!-- \/ Yoast SEO plugin. -->","yoast_head_json":{"title":"Tartalom - Canossa | HU","robots":{"index":"index","follow":"follow","max-snippet":"max-snippet:-1","max-image-preview":"max-image-preview:large","max-video-preview":"max-video-preview:-1"},"canonical":"https:\/\/canossa.net\/hu\/tartalom\/","og_locale":"hu_HU","og_type":"article","og_title":"Tartalom - Canossa | HU","og_description":"emberfeletti k\u00fczdelem egy emberhez m\u00e9lt\u00f3 \u00e9let\u00e9rt Prol\u00f3gus 02:411. L\u00e9lek \u00e9rkezik 04:242. Fogantat\u00e1s ut\u00e1n 06:033. \u00datkeres\u00e9s 04:504. H\u00fcbrisz 07:165 &#8211; 6. Catabasis &#8211; Bardo 15:257. Euf\u00f3ria 40. 06:478. Idilli gyermekkor 05:249. Vertikalit\u00e1s \u2013 a V\u00e1lt\u00e1s 08:2010. A Szeretet Tere \u2013 Konkl\u00fazi\u00f3 06:36 Teljes j\u00e1t\u00e9kid\u0151: 67:46 A CAN\u00d8SSA zenem\u0171 l\u00e9trej\u00f6tt\u00e9ben r\u00e9sztvev\u0151 szem\u00e9lyek Koncepci\u00f3, tematika: Kulcs\u00e1r Attila FerencZen\u00e9j\u00e9t [&hellip;]","og_url":"https:\/\/canossa.net\/hu\/tartalom\/","og_site_name":"Canossa | HU","article_modified_time":"2025-03-21T12:23:55+00:00","og_image":[{"url":"http:\/\/canossa.net\/hu\/wp-content\/uploads\/sites\/3\/2018\/02\/canossa-twitter-header.jpg","type":"","width":"","height":""}],"twitter_card":"summary_large_image","twitter_misc":{"Becs\u00fclt olvas\u00e1si id\u0151":"3 perc"},"schema":{"@context":"https:\/\/schema.org","@graph":[{"@type":"WebPage","@id":"https:\/\/canossa.net\/hu\/tartalom\/","url":"https:\/\/canossa.net\/hu\/tartalom\/","name":"Tartalom - Canossa | HU","isPartOf":{"@id":"https:\/\/canossa.net\/hu\/#website"},"primaryImageOfPage":{"@id":"https:\/\/canossa.net\/hu\/tartalom\/#primaryimage"},"image":{"@id":"https:\/\/canossa.net\/hu\/tartalom\/#primaryimage"},"thumbnailUrl":"http:\/\/canossa.net\/hu\/wp-content\/uploads\/sites\/3\/2018\/02\/canossa-twitter-header.jpg","datePublished":"2018-02-27T11:56:23+00:00","dateModified":"2025-03-21T12:23:55+00:00","breadcrumb":{"@id":"https:\/\/canossa.net\/hu\/tartalom\/#breadcrumb"},"inLanguage":"hu","potentialAction":[{"@type":"ReadAction","target":["https:\/\/canossa.net\/hu\/tartalom\/"]}]},{"@type":"ImageObject","inLanguage":"hu","@id":"https:\/\/canossa.net\/hu\/tartalom\/#primaryimage","url":"https:\/\/canossa.net\/hu\/wp-content\/uploads\/sites\/3\/2018\/02\/canossa-twitter-header.jpg","contentUrl":"https:\/\/canossa.net\/hu\/wp-content\/uploads\/sites\/3\/2018\/02\/canossa-twitter-header.jpg","width":1500,"height":500},{"@type":"BreadcrumbList","@id":"https:\/\/canossa.net\/hu\/tartalom\/#breadcrumb","itemListElement":[{"@type":"ListItem","position":1,"name":"Home","item":"https:\/\/canossa.net\/hu\/"},{"@type":"ListItem","position":2,"name":"Tartalom"}]},{"@type":"WebSite","@id":"https:\/\/canossa.net\/hu\/#website","url":"https:\/\/canossa.net\/hu\/","name":"Canossa | HU","description":"Superhuman struggle for a humane life","publisher":{"@id":"https:\/\/canossa.net\/hu\/#organization"},"potentialAction":[{"@type":"SearchAction","target":{"@type":"EntryPoint","urlTemplate":"https:\/\/canossa.net\/hu\/?s={search_term_string}"},"query-input":{"@type":"PropertyValueSpecification","valueRequired":true,"valueName":"search_term_string"}}],"inLanguage":"hu"},{"@type":"Organization","@id":"https:\/\/canossa.net\/hu\/#organization","name":"Canossa | HU","url":"https:\/\/canossa.net\/hu\/","logo":{"@type":"ImageObject","inLanguage":"hu","@id":"https:\/\/canossa.net\/hu\/#\/schema\/logo\/image\/","url":"https:\/\/canossa.net\/hu\/wp-content\/uploads\/sites\/3\/2018\/04\/cropped-logo-v2.png","contentUrl":"https:\/\/canossa.net\/hu\/wp-content\/uploads\/sites\/3\/2018\/04\/cropped-logo-v2.png","width":546,"height":110,"caption":"Canossa | HU"},"image":{"@id":"https:\/\/canossa.net\/hu\/#\/schema\/logo\/image\/"}}]}},"_links":{"self":[{"href":"https:\/\/canossa.net\/hu\/wp-json\/wp\/v2\/pages\/3162","targetHints":{"allow":["GET"]}}],"collection":[{"href":"https:\/\/canossa.net\/hu\/wp-json\/wp\/v2\/pages"}],"about":[{"href":"https:\/\/canossa.net\/hu\/wp-json\/wp\/v2\/types\/page"}],"author":[{"embeddable":true,"href":"https:\/\/canossa.net\/hu\/wp-json\/wp\/v2\/users\/1"}],"replies":[{"embeddable":true,"href":"https:\/\/canossa.net\/hu\/wp-json\/wp\/v2\/comments?post=3162"}],"version-history":[{"count":18,"href":"https:\/\/canossa.net\/hu\/wp-json\/wp\/v2\/pages\/3162\/revisions"}],"predecessor-version":[{"id":4851,"href":"https:\/\/canossa.net\/hu\/wp-json\/wp\/v2\/pages\/3162\/revisions\/4851"}],"wp:attachment":[{"href":"https:\/\/canossa.net\/hu\/wp-json\/wp\/v2\/media?parent=3162"}],"curies":[{"name":"wp","href":"https:\/\/api.w.org\/{rel}","templated":true}]}}