{"id":3164,"date":"2018-02-27T11:56:39","date_gmt":"2018-02-27T11:56:39","guid":{"rendered":"http:\/\/canossa.net\/hu\/?page_id=3164"},"modified":"2019-07-30T13:09:12","modified_gmt":"2019-07-30T13:09:12","slug":"kapcsolat","status":"publish","type":"page","link":"https:\/\/canossa.net\/hu\/kapcsolat\/","title":{"rendered":"Kapcsolat"},"content":{"rendered":"<div id=\"pl-3164\"  class=\"panel-layout\" ><div id=\"pg-3164-0\"  class=\"panel-grid panel-no-style\" ><div id=\"pgc-3164-0-0\"  class=\"panel-grid-cell\" ><div id=\"panel-3164-0-0-0\" class=\"so-panel widget panel-first-child widgetopts-SO\" data-index=\"0\" ><\/div><div id=\"panel-3164-0-0-1\" class=\"so-panel widget widget_sow-image panel-last-child widgetopts-SO\" data-index=\"1\" ><div\n\t\t\t\n\t\t\tclass=\"so-widget-sow-image so-widget-sow-image-default-8b5b6f678277-3164\"\n\t\t\t\n\t\t>\n<div class=\"sow-image-container\">\n\t\t<img \n\tsrc=\"https:\/\/canossa.net\/hu\/wp-content\/uploads\/sites\/3\/2018\/11\/Canossa_team.jpg\" width=\"1200\" height=\"2775\" srcset=\"https:\/\/canossa.net\/hu\/wp-content\/uploads\/sites\/3\/2018\/11\/Canossa_team.jpg 1200w, https:\/\/canossa.net\/hu\/wp-content\/uploads\/sites\/3\/2018\/11\/Canossa_team-130x300.jpg 130w, https:\/\/canossa.net\/hu\/wp-content\/uploads\/sites\/3\/2018\/11\/Canossa_team-768x1776.jpg 768w, https:\/\/canossa.net\/hu\/wp-content\/uploads\/sites\/3\/2018\/11\/Canossa_team-443x1024.jpg 443w\" sizes=\"(max-width: 1200px) 100vw, 1200px\" title=\"Canossa Team\" alt=\"\" \t\tclass=\"so-widget-image\"\/>\n\t<\/div>\n\n<\/div><\/div><\/div><div id=\"pgc-3164-0-1\"  class=\"panel-grid-cell\" ><div id=\"panel-3164-0-1-0\" class=\"so-panel widget widget_sow-editor panel-first-child panel-last-child widgetopts-SO\" data-index=\"2\" ><div\n\t\t\t\n\t\t\tclass=\"so-widget-sow-editor so-widget-sow-editor-base\"\n\t\t\t\n\t\t>\n<div class=\"siteorigin-widget-tinymce textwidget\">\n\t\n<div class=\"wpcf7 no-js\" id=\"wpcf7-f3166-o1\" lang=\"en-US\" dir=\"ltr\" data-wpcf7-id=\"3166\">\n<div class=\"screen-reader-response\"><p role=\"status\" aria-live=\"polite\" aria-atomic=\"true\"><\/p> <ul><\/ul><\/div>\n<form action=\"\/hu\/wp-json\/wp\/v2\/pages\/3164#wpcf7-f3166-o1\" method=\"post\" class=\"wpcf7-form init\" aria-label=\"Contact form\" novalidate=\"novalidate\" data-status=\"init\">\n<fieldset class=\"hidden-fields-container\"><input type=\"hidden\" name=\"_wpcf7\" value=\"3166\" \/><input type=\"hidden\" name=\"_wpcf7_version\" value=\"6.1.5\" \/><input type=\"hidden\" name=\"_wpcf7_locale\" value=\"en_US\" \/><input type=\"hidden\" name=\"_wpcf7_unit_tag\" value=\"wpcf7-f3166-o1\" \/><input type=\"hidden\" name=\"_wpcf7_container_post\" value=\"0\" \/><input type=\"hidden\" name=\"_wpcf7_posted_data_hash\" value=\"\" \/>\n<\/fieldset>\n<p><label> N\u00e9v (sz\u00fcks\u00e9ges)<br \/>\n<span class=\"wpcf7-form-control-wrap\" data-name=\"your-name\"><input size=\"40\" maxlength=\"400\" class=\"wpcf7-form-control wpcf7-text wpcf7-validates-as-required\" aria-required=\"true\" aria-invalid=\"false\" value=\"\" type=\"text\" name=\"your-name\" \/><\/span> <\/label>\n<\/p>\n<p><label> Email (sz\u00fcks\u00e9ges)<br \/>\n<span class=\"wpcf7-form-control-wrap\" data-name=\"your-email\"><input size=\"40\" maxlength=\"400\" class=\"wpcf7-form-control wpcf7-email wpcf7-validates-as-required wpcf7-text wpcf7-validates-as-email\" aria-required=\"true\" aria-invalid=\"false\" value=\"\" type=\"email\" name=\"your-email\" \/><\/span> <\/label>\n<\/p>\n<p><label> T\u00e1rgy<br \/>\n<span class=\"wpcf7-form-control-wrap\" data-name=\"your-subject\"><input size=\"40\" maxlength=\"400\" class=\"wpcf7-form-control wpcf7-text\" aria-invalid=\"false\" value=\"\" type=\"text\" name=\"your-subject\" \/><\/span> <\/label>\n<\/p>\n<p><label> \u00dczenet<br \/>\n<span class=\"wpcf7-form-control-wrap\" data-name=\"your-message\"><textarea cols=\"40\" rows=\"10\" maxlength=\"2000\" class=\"wpcf7-form-control wpcf7-textarea\" aria-invalid=\"false\" name=\"your-message\"><\/textarea><\/span> <\/label>\n<\/p>\n<p><input class=\"wpcf7-form-control wpcf7-submit has-spinner\" type=\"submit\" value=\"K\u00fcld\u00e9s\" \/>\n<\/p><div class=\"wpcf7-response-output\" aria-hidden=\"true\"><\/div>\n<\/form>\n<\/div>\n\n<\/div>\n<\/div><\/div><\/div><\/div><\/div>","protected":false},"excerpt":{"rendered":"<p>N\u00e9v (sz\u00fcks\u00e9ges) Email (sz\u00fcks\u00e9ges) T\u00e1rgy \u00dczenet<\/p>\n","protected":false},"author":1,"featured_media":0,"parent":0,"menu_order":0,"comment_status":"closed","ping_status":"closed","template":"","meta":{"_acf_changed":false,"_exactmetrics_skip_tracking":false,"_exactmetrics_sitenote_active":false,"_exactmetrics_sitenote_note":"","_exactmetrics_sitenote_category":0,"footnotes":""},"class_list":["post-3164","page","type-page","status-publish","hentry"],"acf":[],"yoast_head":"<!-- This site is optimized with the Yoast SEO plugin v27.4 - https:\/\/yoast.com\/product\/yoast-seo-wordpress\/ -->\n<title>Kapcsolat - Canossa | HU<\/title>\n<meta name=\"robots\" content=\"index, follow, max-snippet:-1, max-image-preview:large, max-video-preview:-1\" \/>\n<link rel=\"canonical\" href=\"https:\/\/canossa.net\/hu\/kapcsolat\/\" \/>\n<meta property=\"og:locale\" content=\"hu_HU\" \/>\n<meta property=\"og:type\" content=\"article\" \/>\n<meta property=\"og:title\" content=\"Kapcsolat - Canossa | HU\" \/>\n<meta property=\"og:description\" content=\"N\u00e9v (sz\u00fcks\u00e9ges) Email (sz\u00fcks\u00e9ges) T\u00e1rgy \u00dczenet\" \/>\n<meta property=\"og:url\" content=\"https:\/\/canossa.net\/hu\/kapcsolat\/\" \/>\n<meta property=\"og:site_name\" content=\"Canossa | HU\" \/>\n<meta property=\"article:modified_time\" content=\"2019-07-30T13:09:12+00:00\" \/>\n<meta name=\"twitter:card\" content=\"summary_large_image\" \/>\n<script type=\"application\/ld+json\" class=\"yoast-schema-graph\">{\"@context\":\"https:\\\/\\\/schema.org\",\"@graph\":[{\"@type\":\"WebPage\",\"@id\":\"https:\\\/\\\/canossa.net\\\/hu\\\/kapcsolat\\\/\",\"url\":\"https:\\\/\\\/canossa.net\\\/hu\\\/kapcsolat\\\/\",\"name\":\"Kapcsolat - Canossa | HU\",\"isPartOf\":{\"@id\":\"https:\\\/\\\/canossa.net\\\/hu\\\/#website\"},\"datePublished\":\"2018-02-27T11:56:39+00:00\",\"dateModified\":\"2019-07-30T13:09:12+00:00\",\"breadcrumb\":{\"@id\":\"https:\\\/\\\/canossa.net\\\/hu\\\/kapcsolat\\\/#breadcrumb\"},\"inLanguage\":\"hu\",\"potentialAction\":[{\"@type\":\"ReadAction\",\"target\":[\"https:\\\/\\\/canossa.net\\\/hu\\\/kapcsolat\\\/\"]}]},{\"@type\":\"BreadcrumbList\",\"@id\":\"https:\\\/\\\/canossa.net\\\/hu\\\/kapcsolat\\\/#breadcrumb\",\"itemListElement\":[{\"@type\":\"ListItem\",\"position\":1,\"name\":\"Home\",\"item\":\"https:\\\/\\\/canossa.net\\\/hu\\\/\"},{\"@type\":\"ListItem\",\"position\":2,\"name\":\"Kapcsolat\"}]},{\"@type\":\"WebSite\",\"@id\":\"https:\\\/\\\/canossa.net\\\/hu\\\/#website\",\"url\":\"https:\\\/\\\/canossa.net\\\/hu\\\/\",\"name\":\"Canossa | HU\",\"description\":\"Superhuman struggle for a humane life\",\"publisher\":{\"@id\":\"https:\\\/\\\/canossa.net\\\/hu\\\/#organization\"},\"potentialAction\":[{\"@type\":\"SearchAction\",\"target\":{\"@type\":\"EntryPoint\",\"urlTemplate\":\"https:\\\/\\\/canossa.net\\\/hu\\\/?s={search_term_string}\"},\"query-input\":{\"@type\":\"PropertyValueSpecification\",\"valueRequired\":true,\"valueName\":\"search_term_string\"}}],\"inLanguage\":\"hu\"},{\"@type\":\"Organization\",\"@id\":\"https:\\\/\\\/canossa.net\\\/hu\\\/#organization\",\"name\":\"Canossa | HU\",\"url\":\"https:\\\/\\\/canossa.net\\\/hu\\\/\",\"logo\":{\"@type\":\"ImageObject\",\"inLanguage\":\"hu\",\"@id\":\"https:\\\/\\\/canossa.net\\\/hu\\\/#\\\/schema\\\/logo\\\/image\\\/\",\"url\":\"https:\\\/\\\/canossa.net\\\/hu\\\/wp-content\\\/uploads\\\/sites\\\/3\\\/2018\\\/04\\\/cropped-logo-v2.png\",\"contentUrl\":\"https:\\\/\\\/canossa.net\\\/hu\\\/wp-content\\\/uploads\\\/sites\\\/3\\\/2018\\\/04\\\/cropped-logo-v2.png\",\"width\":546,\"height\":110,\"caption\":\"Canossa | HU\"},\"image\":{\"@id\":\"https:\\\/\\\/canossa.net\\\/hu\\\/#\\\/schema\\\/logo\\\/image\\\/\"}}]}<\/script>\n<!-- \/ Yoast SEO plugin. -->","yoast_head_json":{"title":"Kapcsolat - Canossa | HU","robots":{"index":"index","follow":"follow","max-snippet":"max-snippet:-1","max-image-preview":"max-image-preview:large","max-video-preview":"max-video-preview:-1"},"canonical":"https:\/\/canossa.net\/hu\/kapcsolat\/","og_locale":"hu_HU","og_type":"article","og_title":"Kapcsolat - Canossa | HU","og_description":"N\u00e9v (sz\u00fcks\u00e9ges) Email (sz\u00fcks\u00e9ges) T\u00e1rgy \u00dczenet","og_url":"https:\/\/canossa.net\/hu\/kapcsolat\/","og_site_name":"Canossa | HU","article_modified_time":"2019-07-30T13:09:12+00:00","twitter_card":"summary_large_image","schema":{"@context":"https:\/\/schema.org","@graph":[{"@type":"WebPage","@id":"https:\/\/canossa.net\/hu\/kapcsolat\/","url":"https:\/\/canossa.net\/hu\/kapcsolat\/","name":"Kapcsolat - Canossa | HU","isPartOf":{"@id":"https:\/\/canossa.net\/hu\/#website"},"datePublished":"2018-02-27T11:56:39+00:00","dateModified":"2019-07-30T13:09:12+00:00","breadcrumb":{"@id":"https:\/\/canossa.net\/hu\/kapcsolat\/#breadcrumb"},"inLanguage":"hu","potentialAction":[{"@type":"ReadAction","target":["https:\/\/canossa.net\/hu\/kapcsolat\/"]}]},{"@type":"BreadcrumbList","@id":"https:\/\/canossa.net\/hu\/kapcsolat\/#breadcrumb","itemListElement":[{"@type":"ListItem","position":1,"name":"Home","item":"https:\/\/canossa.net\/hu\/"},{"@type":"ListItem","position":2,"name":"Kapcsolat"}]},{"@type":"WebSite","@id":"https:\/\/canossa.net\/hu\/#website","url":"https:\/\/canossa.net\/hu\/","name":"Canossa | HU","description":"Superhuman struggle for a humane life","publisher":{"@id":"https:\/\/canossa.net\/hu\/#organization"},"potentialAction":[{"@type":"SearchAction","target":{"@type":"EntryPoint","urlTemplate":"https:\/\/canossa.net\/hu\/?s={search_term_string}"},"query-input":{"@type":"PropertyValueSpecification","valueRequired":true,"valueName":"search_term_string"}}],"inLanguage":"hu"},{"@type":"Organization","@id":"https:\/\/canossa.net\/hu\/#organization","name":"Canossa | HU","url":"https:\/\/canossa.net\/hu\/","logo":{"@type":"ImageObject","inLanguage":"hu","@id":"https:\/\/canossa.net\/hu\/#\/schema\/logo\/image\/","url":"https:\/\/canossa.net\/hu\/wp-content\/uploads\/sites\/3\/2018\/04\/cropped-logo-v2.png","contentUrl":"https:\/\/canossa.net\/hu\/wp-content\/uploads\/sites\/3\/2018\/04\/cropped-logo-v2.png","width":546,"height":110,"caption":"Canossa | HU"},"image":{"@id":"https:\/\/canossa.net\/hu\/#\/schema\/logo\/image\/"}}]}},"_links":{"self":[{"href":"https:\/\/canossa.net\/hu\/wp-json\/wp\/v2\/pages\/3164","targetHints":{"allow":["GET"]}}],"collection":[{"href":"https:\/\/canossa.net\/hu\/wp-json\/wp\/v2\/pages"}],"about":[{"href":"https:\/\/canossa.net\/hu\/wp-json\/wp\/v2\/types\/page"}],"author":[{"embeddable":true,"href":"https:\/\/canossa.net\/hu\/wp-json\/wp\/v2\/users\/1"}],"replies":[{"embeddable":true,"href":"https:\/\/canossa.net\/hu\/wp-json\/wp\/v2\/comments?post=3164"}],"version-history":[{"count":19,"href":"https:\/\/canossa.net\/hu\/wp-json\/wp\/v2\/pages\/3164\/revisions"}],"predecessor-version":[{"id":3865,"href":"https:\/\/canossa.net\/hu\/wp-json\/wp\/v2\/pages\/3164\/revisions\/3865"}],"wp:attachment":[{"href":"https:\/\/canossa.net\/hu\/wp-json\/wp\/v2\/media?parent=3164"}],"curies":[{"name":"wp","href":"https:\/\/api.w.org\/{rel}","templated":true}]}}