{"id":4857,"date":"2026-02-12T12:02:39","date_gmt":"2026-02-12T12:02:39","guid":{"rendered":"https:\/\/canossa.net\/hu\/?post_type=product&#038;p=4857"},"modified":"2026-03-09T16:16:27","modified_gmt":"2026-03-09T16:16:27","slug":"canossa-egyutthato","status":"publish","type":"product","link":"https:\/\/canossa.net\/hu\/termek\/canossa-egyutthato\/","title":{"rendered":"Canossa Egy\u00fctthat\u00f3"},"content":{"rendered":"<p>A rosszindulat\u00fa daganatos megbeteged\u00e9sek sz\u00e1ma haz\u00e1nkban nemzetk\u00f6zi \u00f6sszehasonl\u00edt\u00e1sban riaszt\u00f3an magas. Az Orsz\u00e1gos Onkol\u00f3giai Int\u00e9zet \u00e1ltal gy\u0171jt\u00f6tt adatok alapj\u00e1n \u00e9vr\u0151l-\u00e9vre elk\u00e9sz\u00fcl\u0151 Nemzeti R\u00e1kregiszter<sup>1<\/sup> az elm\u00falt \u00f6t \u00e9vben \u00f6sszes\u00edtett adatsora <strong>416 903<\/strong> honfit\u00e1rsunk diagn\u00f3zis\u00e1t tartalmazza.<\/p>\n<p>Ez az eddigi utols\u00f3 lez\u00e1rt, 2024-es esztend\u0151ben csaknem hetvenezer \u2013 pontosan: 69 410, nemek szerinti eloszl\u00e1sban 35 451 h\u00f6lgy \u00e9s 33 959 f\u00e9rfi \u2013 honfit\u00e1rsunk \u00e9rintetts\u00e9g\u00e9t jelenti.<\/p>\n<p><small><sup>1<\/sup> Nemzeti R\u00e1kregiszter, Forr\u00e1s: <a href=\"https:\/\/www.ksh.hu\/stadat_files\/ege\/hu\/ege0025.html\" target=\"_blank\" rel=\"noopener\">https:\/\/www.ksh.hu\/stadat_files\/ege\/hu\/ege0025.html<\/a><\/small><\/p>\n<hr \/>\n<blockquote><p><strong>Der\u0171t! Eg\u00e9szs\u00e9get!<\/strong><\/p>\n<p>Kulcs\u00e1r Attila Ferenc vagyok, alkot\u00f3m\u0171v\u00e9sz, gy\u00f3gyult r\u00e1kbeteg.<\/p>\n<p>Az a daganatos betegs\u00e9g-kombin\u00e1ci\u00f3, amelyb\u0151l kigy\u00f3gyultam, 1 a 10 milli\u00f3hoz ar\u00e1nyban bukkan fel az onkol\u00f3giai diagnosztik\u00e1ban.<\/p><\/blockquote>\n<p>2006 \u00e9s 2007 k\u00f6z\u00f6tt elvesz\u00edtettem tests\u00falyom t\u00f6bb, mint 60 %-\u00e1t, l\u00e1t\u00e1som k\u00f6zel 70 %-\u00e1t. Az engem \u00fajra vil\u00e1gra visszaseg\u00edt\u0151 orvoscsoport \u00e9s szak\u00e1pol\u00f3ik m\u00e9g \u00e9vekig \u201ebezzeg betegk\u00e9nt\u201d emlegettek. \u0150k is, \u00e9n is tiszt\u00e1ban voltam vele, hogy a m\u00e9lypontr\u00f3l ahol akkor tartottam, amikor klinikai oszt\u00e1lyukra ker\u00fcltem, puszt\u00e1n a kort\u00e1rs gy\u00f3gyszervegy\u00e9szet \u00e9s hightech sug\u00e1rter\u00e1pia nem hozott volna vissza.<\/p>\n<p>Onkopszichol\u00f3gusom javaslat\u00e1ra 2009-ben elind\u00edtottam \u201ek\u00ednki\u00edr\u00f3\u201d blogomat, amely gyakorta 10-16 ezres l\u00e1togat\u00f3t vonzott a korabeli index.hu fel\u00fcletre. Ebb\u0151l a magb\u00f3l sarjadt ki a <strong>CAN\u00d8SSA<\/strong> zenei- \u00e9s pr\u00f3zai m\u0171. El\u0151bbit m\u00e1r a Semmelweis Egyetem Haematol\u00f3giai Klinik\u00e1j\u00e1n sikeresen alkalmazz\u00e1k a ter\u00e1pi\u00e1s protokollok kieg\u00e9sz\u00edt\u00e9sek\u00e9nt.<\/p>\n<h3>A CAN\u00d8SSA Egy\u00fcttHat\u00f3 hybrid alkalmaz\u00e1s tartalmi elemei:<\/h3>\n<ul>\n<li>A 68:07 id\u0151tartam\u00fa CAN\u00d8SSA zenei album mp3 hang\u00e1llom\u00e1nya;<\/li>\n<li>Az album sz\u00f6vegk\u00f6nyve;<\/li>\n<li>A zenem\u0171 felv\u00e9telein k\u00f6zrem\u0171k\u00f6d\u0151 szem\u00e9lyek st\u00e1blist\u00e1ja \u00e9s fot\u00f3i;<\/li>\n<li><em>H\u00e1traarc a Hal\u00e1lb\u00f3l<\/em> \u2013 A zenem\u0171 l\u00e9trej\u00f6tt\u00e9nek t\u00f6rt\u00e9nete;<\/li>\n<li>Az album hallgat\u00f3it\u00f3l \u00e9rkezett visszajelz\u00e9sek;<\/li>\n<li>Szerz\u0151i aj\u00e1nl\u00e1s;<\/li>\n<\/ul>\n<ul>\n<li>Az 536 oldalas k\u00f6tet e-pub verzi\u00f3ja;<\/li>\n<li>A 18 fejezetb\u0151l \u00e1ll\u00f3 e-pub tematikus fot\u00f3mell\u00e9klete;<\/li>\n<li><em>Ihletetten \u00e9rtem magam<\/em> \u2013 a CAN\u00d8SSA pr\u00f3zai m\u0171 l\u00e9trej\u00f6tt\u00e9nek t\u00f6rt\u00e9nete;<\/li>\n<li>A k\u00f6tet olvas\u00f3it\u00f3l \u00e9rkezett visszajelz\u00e9sek;<\/li>\n<li>Szerz\u0151i aj\u00e1nl\u00e1s.<\/li>\n<\/ul>\n","protected":false},"excerpt":{"rendered":"<p>A rosszindulat\u00fa daganatos megbeteged\u00e9sek sz\u00e1ma haz\u00e1nkban nemzetk\u00f6zi \u00f6sszehasonl\u00edt\u00e1sban riaszt\u00f3an magas. Az Orsz\u00e1gos Onkol\u00f3giai Int\u00e9zet \u00e1ltal gy\u0171jt\u00f6tt adatok alapj\u00e1n \u00e9vr\u0151l-\u00e9vre elk\u00e9sz\u00fcl\u0151 Nemzeti R\u00e1kregiszter1 az elm\u00falt \u00f6t \u00e9vben \u00f6sszes\u00edtett adatsora 416 903 honfit\u00e1rsunk diagn\u00f3zis\u00e1t tartalmazza. Ez az eddigi utols\u00f3 lez\u00e1rt, 2024-es esztend\u0151ben csaknem hetvenezer \u2013 pontosan: 69 410, nemek szerinti eloszl\u00e1sban 35 451 h\u00f6lgy \u00e9s 33 959 [&hellip;]<\/p>\n","protected":false},"featured_media":4797,"comment_status":"closed","ping_status":"closed","template":"","meta":{"_acf_changed":false,"_exactmetrics_skip_tracking":false,"_exactmetrics_sitenote_active":false,"_exactmetrics_sitenote_note":"","_exactmetrics_sitenote_category":0},"product_brand":[],"product_cat":[78],"product_tag":[],"class_list":{"0":"post-4857","1":"product","2":"type-product","3":"status-publish","4":"has-post-thumbnail","6":"product_cat-canossa","8":"first","9":"instock","10":"downloadable","11":"virtual","12":"taxable","13":"purchasable","14":"product-type-simple"},"acf":[],"yoast_head":"<!-- This site is optimized with the Yoast SEO plugin v27.4 - https:\/\/yoast.com\/product\/yoast-seo-wordpress\/ -->\n<title>Canossa Egy\u00fctthat\u00f3 - Canossa | HU<\/title>\n<meta name=\"robots\" content=\"index, follow, max-snippet:-1, max-image-preview:large, max-video-preview:-1\" \/>\n<link rel=\"canonical\" href=\"https:\/\/canossa.net\/hu\/termek\/canossa-egyutthato\/\" \/>\n<meta property=\"og:locale\" content=\"hu_HU\" \/>\n<meta property=\"og:type\" content=\"article\" \/>\n<meta property=\"og:title\" content=\"Canossa Egy\u00fctthat\u00f3 - Canossa | HU\" \/>\n<meta property=\"og:description\" content=\"A rosszindulat\u00fa daganatos megbeteged\u00e9sek sz\u00e1ma haz\u00e1nkban nemzetk\u00f6zi \u00f6sszehasonl\u00edt\u00e1sban riaszt\u00f3an magas. Az Orsz\u00e1gos Onkol\u00f3giai Int\u00e9zet \u00e1ltal gy\u0171jt\u00f6tt adatok alapj\u00e1n \u00e9vr\u0151l-\u00e9vre elk\u00e9sz\u00fcl\u0151 Nemzeti R\u00e1kregiszter1 az elm\u00falt \u00f6t \u00e9vben \u00f6sszes\u00edtett adatsora 416 903 honfit\u00e1rsunk diagn\u00f3zis\u00e1t tartalmazza. Ez az eddigi utols\u00f3 lez\u00e1rt, 2024-es esztend\u0151ben csaknem hetvenezer \u2013 pontosan: 69 410, nemek szerinti eloszl\u00e1sban 35 451 h\u00f6lgy \u00e9s 33 959 [&hellip;]\" \/>\n<meta property=\"og:url\" content=\"https:\/\/canossa.net\/hu\/termek\/canossa-egyutthato\/\" \/>\n<meta property=\"og:site_name\" content=\"Canossa | HU\" \/>\n<meta property=\"article:modified_time\" content=\"2026-03-09T16:16:27+00:00\" \/>\n<meta property=\"og:image\" content=\"https:\/\/canossa.net\/hu\/wp-content\/uploads\/sites\/3\/2020\/09\/Canossa_BOOK_square.jpg\" \/>\n\t<meta property=\"og:image:width\" content=\"1687\" \/>\n\t<meta property=\"og:image:height\" content=\"1687\" \/>\n\t<meta property=\"og:image:type\" content=\"image\/jpeg\" \/>\n<meta name=\"twitter:card\" content=\"summary_large_image\" \/>\n<meta name=\"twitter:label1\" content=\"Becs\u00fclt olvas\u00e1si id\u0151\" \/>\n\t<meta name=\"twitter:data1\" content=\"2 perc\" \/>\n<script type=\"application\/ld+json\" class=\"yoast-schema-graph\">{\"@context\":\"https:\\\/\\\/schema.org\",\"@graph\":[{\"@type\":\"WebPage\",\"@id\":\"https:\\\/\\\/canossa.net\\\/hu\\\/termek\\\/canossa-egyutthato\\\/\",\"url\":\"https:\\\/\\\/canossa.net\\\/hu\\\/termek\\\/canossa-egyutthato\\\/\",\"name\":\"Canossa Egy\u00fctthat\u00f3 - Canossa | HU\",\"isPartOf\":{\"@id\":\"https:\\\/\\\/canossa.net\\\/hu\\\/#website\"},\"primaryImageOfPage\":{\"@id\":\"https:\\\/\\\/canossa.net\\\/hu\\\/termek\\\/canossa-egyutthato\\\/#primaryimage\"},\"image\":{\"@id\":\"https:\\\/\\\/canossa.net\\\/hu\\\/termek\\\/canossa-egyutthato\\\/#primaryimage\"},\"thumbnailUrl\":\"https:\\\/\\\/canossa.net\\\/hu\\\/wp-content\\\/uploads\\\/sites\\\/3\\\/2020\\\/09\\\/Canossa_BOOK_square.jpg\",\"datePublished\":\"2026-02-12T12:02:39+00:00\",\"dateModified\":\"2026-03-09T16:16:27+00:00\",\"breadcrumb\":{\"@id\":\"https:\\\/\\\/canossa.net\\\/hu\\\/termek\\\/canossa-egyutthato\\\/#breadcrumb\"},\"inLanguage\":\"hu\",\"potentialAction\":[{\"@type\":\"ReadAction\",\"target\":[\"https:\\\/\\\/canossa.net\\\/hu\\\/termek\\\/canossa-egyutthato\\\/\"]}]},{\"@type\":\"ImageObject\",\"inLanguage\":\"hu\",\"@id\":\"https:\\\/\\\/canossa.net\\\/hu\\\/termek\\\/canossa-egyutthato\\\/#primaryimage\",\"url\":\"https:\\\/\\\/canossa.net\\\/hu\\\/wp-content\\\/uploads\\\/sites\\\/3\\\/2020\\\/09\\\/Canossa_BOOK_square.jpg\",\"contentUrl\":\"https:\\\/\\\/canossa.net\\\/hu\\\/wp-content\\\/uploads\\\/sites\\\/3\\\/2020\\\/09\\\/Canossa_BOOK_square.jpg\",\"width\":1687,\"height\":1687},{\"@type\":\"BreadcrumbList\",\"@id\":\"https:\\\/\\\/canossa.net\\\/hu\\\/termek\\\/canossa-egyutthato\\\/#breadcrumb\",\"itemListElement\":[{\"@type\":\"ListItem\",\"position\":1,\"name\":\"Home\",\"item\":\"https:\\\/\\\/canossa.net\\\/hu\\\/\"},{\"@type\":\"ListItem\",\"position\":2,\"name\":\"Store\",\"item\":\"https:\\\/\\\/canossa.net\\\/hu\\\/store\\\/\"},{\"@type\":\"ListItem\",\"position\":3,\"name\":\"Canossa Egy\u00fctthat\u00f3\"}]},{\"@type\":\"WebSite\",\"@id\":\"https:\\\/\\\/canossa.net\\\/hu\\\/#website\",\"url\":\"https:\\\/\\\/canossa.net\\\/hu\\\/\",\"name\":\"Canossa | HU\",\"description\":\"Superhuman struggle for a humane life\",\"publisher\":{\"@id\":\"https:\\\/\\\/canossa.net\\\/hu\\\/#organization\"},\"potentialAction\":[{\"@type\":\"SearchAction\",\"target\":{\"@type\":\"EntryPoint\",\"urlTemplate\":\"https:\\\/\\\/canossa.net\\\/hu\\\/?s={search_term_string}\"},\"query-input\":{\"@type\":\"PropertyValueSpecification\",\"valueRequired\":true,\"valueName\":\"search_term_string\"}}],\"inLanguage\":\"hu\"},{\"@type\":\"Organization\",\"@id\":\"https:\\\/\\\/canossa.net\\\/hu\\\/#organization\",\"name\":\"Canossa | HU\",\"url\":\"https:\\\/\\\/canossa.net\\\/hu\\\/\",\"logo\":{\"@type\":\"ImageObject\",\"inLanguage\":\"hu\",\"@id\":\"https:\\\/\\\/canossa.net\\\/hu\\\/#\\\/schema\\\/logo\\\/image\\\/\",\"url\":\"https:\\\/\\\/canossa.net\\\/hu\\\/wp-content\\\/uploads\\\/sites\\\/3\\\/2018\\\/04\\\/cropped-logo-v2.png\",\"contentUrl\":\"https:\\\/\\\/canossa.net\\\/hu\\\/wp-content\\\/uploads\\\/sites\\\/3\\\/2018\\\/04\\\/cropped-logo-v2.png\",\"width\":546,\"height\":110,\"caption\":\"Canossa | HU\"},\"image\":{\"@id\":\"https:\\\/\\\/canossa.net\\\/hu\\\/#\\\/schema\\\/logo\\\/image\\\/\"}}]}<\/script>\n<!-- \/ Yoast SEO plugin. -->","yoast_head_json":{"title":"Canossa Egy\u00fctthat\u00f3 - Canossa | HU","robots":{"index":"index","follow":"follow","max-snippet":"max-snippet:-1","max-image-preview":"max-image-preview:large","max-video-preview":"max-video-preview:-1"},"canonical":"https:\/\/canossa.net\/hu\/termek\/canossa-egyutthato\/","og_locale":"hu_HU","og_type":"article","og_title":"Canossa Egy\u00fctthat\u00f3 - Canossa | HU","og_description":"A rosszindulat\u00fa daganatos megbeteged\u00e9sek sz\u00e1ma haz\u00e1nkban nemzetk\u00f6zi \u00f6sszehasonl\u00edt\u00e1sban riaszt\u00f3an magas. Az Orsz\u00e1gos Onkol\u00f3giai Int\u00e9zet \u00e1ltal gy\u0171jt\u00f6tt adatok alapj\u00e1n \u00e9vr\u0151l-\u00e9vre elk\u00e9sz\u00fcl\u0151 Nemzeti R\u00e1kregiszter1 az elm\u00falt \u00f6t \u00e9vben \u00f6sszes\u00edtett adatsora 416 903 honfit\u00e1rsunk diagn\u00f3zis\u00e1t tartalmazza. Ez az eddigi utols\u00f3 lez\u00e1rt, 2024-es esztend\u0151ben csaknem hetvenezer \u2013 pontosan: 69 410, nemek szerinti eloszl\u00e1sban 35 451 h\u00f6lgy \u00e9s 33 959 [&hellip;]","og_url":"https:\/\/canossa.net\/hu\/termek\/canossa-egyutthato\/","og_site_name":"Canossa | HU","article_modified_time":"2026-03-09T16:16:27+00:00","og_image":[{"width":1687,"height":1687,"url":"https:\/\/canossa.net\/hu\/wp-content\/uploads\/sites\/3\/2020\/09\/Canossa_BOOK_square.jpg","type":"image\/jpeg"}],"twitter_card":"summary_large_image","twitter_misc":{"Becs\u00fclt olvas\u00e1si id\u0151":"2 perc"},"schema":{"@context":"https:\/\/schema.org","@graph":[{"@type":"WebPage","@id":"https:\/\/canossa.net\/hu\/termek\/canossa-egyutthato\/","url":"https:\/\/canossa.net\/hu\/termek\/canossa-egyutthato\/","name":"Canossa Egy\u00fctthat\u00f3 - Canossa | HU","isPartOf":{"@id":"https:\/\/canossa.net\/hu\/#website"},"primaryImageOfPage":{"@id":"https:\/\/canossa.net\/hu\/termek\/canossa-egyutthato\/#primaryimage"},"image":{"@id":"https:\/\/canossa.net\/hu\/termek\/canossa-egyutthato\/#primaryimage"},"thumbnailUrl":"https:\/\/canossa.net\/hu\/wp-content\/uploads\/sites\/3\/2020\/09\/Canossa_BOOK_square.jpg","datePublished":"2026-02-12T12:02:39+00:00","dateModified":"2026-03-09T16:16:27+00:00","breadcrumb":{"@id":"https:\/\/canossa.net\/hu\/termek\/canossa-egyutthato\/#breadcrumb"},"inLanguage":"hu","potentialAction":[{"@type":"ReadAction","target":["https:\/\/canossa.net\/hu\/termek\/canossa-egyutthato\/"]}]},{"@type":"ImageObject","inLanguage":"hu","@id":"https:\/\/canossa.net\/hu\/termek\/canossa-egyutthato\/#primaryimage","url":"https:\/\/canossa.net\/hu\/wp-content\/uploads\/sites\/3\/2020\/09\/Canossa_BOOK_square.jpg","contentUrl":"https:\/\/canossa.net\/hu\/wp-content\/uploads\/sites\/3\/2020\/09\/Canossa_BOOK_square.jpg","width":1687,"height":1687},{"@type":"BreadcrumbList","@id":"https:\/\/canossa.net\/hu\/termek\/canossa-egyutthato\/#breadcrumb","itemListElement":[{"@type":"ListItem","position":1,"name":"Home","item":"https:\/\/canossa.net\/hu\/"},{"@type":"ListItem","position":2,"name":"Store","item":"https:\/\/canossa.net\/hu\/store\/"},{"@type":"ListItem","position":3,"name":"Canossa Egy\u00fctthat\u00f3"}]},{"@type":"WebSite","@id":"https:\/\/canossa.net\/hu\/#website","url":"https:\/\/canossa.net\/hu\/","name":"Canossa | HU","description":"Superhuman struggle for a humane life","publisher":{"@id":"https:\/\/canossa.net\/hu\/#organization"},"potentialAction":[{"@type":"SearchAction","target":{"@type":"EntryPoint","urlTemplate":"https:\/\/canossa.net\/hu\/?s={search_term_string}"},"query-input":{"@type":"PropertyValueSpecification","valueRequired":true,"valueName":"search_term_string"}}],"inLanguage":"hu"},{"@type":"Organization","@id":"https:\/\/canossa.net\/hu\/#organization","name":"Canossa | HU","url":"https:\/\/canossa.net\/hu\/","logo":{"@type":"ImageObject","inLanguage":"hu","@id":"https:\/\/canossa.net\/hu\/#\/schema\/logo\/image\/","url":"https:\/\/canossa.net\/hu\/wp-content\/uploads\/sites\/3\/2018\/04\/cropped-logo-v2.png","contentUrl":"https:\/\/canossa.net\/hu\/wp-content\/uploads\/sites\/3\/2018\/04\/cropped-logo-v2.png","width":546,"height":110,"caption":"Canossa | HU"},"image":{"@id":"https:\/\/canossa.net\/hu\/#\/schema\/logo\/image\/"}}]}},"_links":{"self":[{"href":"https:\/\/canossa.net\/hu\/wp-json\/wp\/v2\/product\/4857","targetHints":{"allow":["GET"]}}],"collection":[{"href":"https:\/\/canossa.net\/hu\/wp-json\/wp\/v2\/product"}],"about":[{"href":"https:\/\/canossa.net\/hu\/wp-json\/wp\/v2\/types\/product"}],"replies":[{"embeddable":true,"href":"https:\/\/canossa.net\/hu\/wp-json\/wp\/v2\/comments?post=4857"}],"wp:featuredmedia":[{"embeddable":true,"href":"https:\/\/canossa.net\/hu\/wp-json\/wp\/v2\/media\/4797"}],"wp:attachment":[{"href":"https:\/\/canossa.net\/hu\/wp-json\/wp\/v2\/media?parent=4857"}],"wp:term":[{"taxonomy":"product_brand","embeddable":true,"href":"https:\/\/canossa.net\/hu\/wp-json\/wp\/v2\/product_brand?post=4857"},{"taxonomy":"product_cat","embeddable":true,"href":"https:\/\/canossa.net\/hu\/wp-json\/wp\/v2\/product_cat?post=4857"},{"taxonomy":"product_tag","embeddable":true,"href":"https:\/\/canossa.net\/hu\/wp-json\/wp\/v2\/product_tag?post=4857"}],"curies":[{"name":"wp","href":"https:\/\/api.w.org\/{rel}","templated":true}]}}